{"id":1073,"date":"2024-08-01T12:44:28","date_gmt":"2024-08-01T12:44:28","guid":{"rendered":"https:\/\/ingenioeducativo.mx\/?page_id=1073"},"modified":"2024-09-13T04:28:13","modified_gmt":"2024-09-13T04:28:13","slug":"nosotros","status":"publish","type":"page","link":"https:\/\/ingenioeducativo.mx\/index.php\/nosotros\/","title":{"rendered":"Nosotros"},"content":{"rendered":"\t\t<div data-elementor-type=\"wp-page\" data-elementor-id=\"1073\" class=\"elementor elementor-1073\">\n\t\t\t\t\t\t<section class=\"elementor-section elementor-top-section elementor-element elementor-element-rbd46wa elementor-section-content-middle elementor-section-full_width elementor-section-stretched elementor-section-height-default elementor-section-height-default\" data-id=\"rbd46wa\" data-element_type=\"section\" data-settings=\"{&quot;background_background&quot;:&quot;classic&quot;,&quot;stretch_section&quot;:&quot;section-stretched&quot;}\">\n\t\t\t\t\t\t\t<div class=\"elementor-background-overlay\"><\/div>\n\t\t\t\t\t\t\t<div class=\"elementor-container elementor-column-gap-no\">\n\t\t\t\t\t<div class=\"elementor-column elementor-col-50 elementor-top-column elementor-element elementor-element-7c4d4fc\" data-id=\"7c4d4fc\" data-element_type=\"column\" data-settings=\"{&quot;background_background&quot;:&quot;classic&quot;}\">\n\t\t\t<div class=\"elementor-widget-wrap elementor-element-populated\">\n\t\t\t\t\t<div class=\"elementor-background-overlay\"><\/div>\n\t\t\t\t\t\t<div class=\"elementor-element elementor-element-f71383f elementor-widget elementor-widget-image\" data-id=\"f71383f\" data-element_type=\"widget\" data-widget_type=\"image.default\">\n\t\t\t\t<div class=\"elementor-widget-container\">\n\t\t\t<style>\/*! elementor - v3.23.0 - 05-08-2024 *\/\n.elementor-widget-image{text-align:center}.elementor-widget-image a{display:inline-block}.elementor-widget-image a img[src$=\".svg\"]{width:48px}.elementor-widget-image img{vertical-align:middle;display:inline-block}<\/style>\t\t\t\t\t\t\t\t\t\t<img fetchpriority=\"high\" decoding=\"async\" width=\"575\" height=\"383\" src=\"https:\/\/ingenioeducativo.mx\/wp-content\/uploads\/2024\/09\/pexels-olly-925786-575x383.jpg\" class=\"attachment-botiga-big size-botiga-big wp-image-1303\" alt=\"\" srcset=\"https:\/\/ingenioeducativo.mx\/wp-content\/uploads\/2024\/09\/pexels-olly-925786-575x383.jpg 575w, https:\/\/ingenioeducativo.mx\/wp-content\/uploads\/2024\/09\/pexels-olly-925786-300x200.jpg 300w, https:\/\/ingenioeducativo.mx\/wp-content\/uploads\/2024\/09\/pexels-olly-925786-1024x683.jpg 1024w, https:\/\/ingenioeducativo.mx\/wp-content\/uploads\/2024\/09\/pexels-olly-925786-768x512.jpg 768w, https:\/\/ingenioeducativo.mx\/wp-content\/uploads\/2024\/09\/pexels-olly-925786-1536x1024.jpg 1536w, https:\/\/ingenioeducativo.mx\/wp-content\/uploads\/2024\/09\/pexels-olly-925786-2048x1365.jpg 2048w, https:\/\/ingenioeducativo.mx\/wp-content\/uploads\/2024\/09\/pexels-olly-925786-1140x760.jpg 1140w, https:\/\/ingenioeducativo.mx\/wp-content\/uploads\/2024\/09\/pexels-olly-925786-920x613.jpg 920w, https:\/\/ingenioeducativo.mx\/wp-content\/uploads\/2024\/09\/pexels-olly-925786-380x253.jpg 380w, https:\/\/ingenioeducativo.mx\/wp-content\/uploads\/2024\/09\/pexels-olly-925786-420x280.jpg 420w, https:\/\/ingenioeducativo.mx\/wp-content\/uploads\/2024\/09\/pexels-olly-925786-800x533.jpg 800w\" sizes=\"(max-width: 575px) 100vw, 575px\" \/>\t\t\t\t\t\t\t\t\t\t\t\t\t<\/div>\n\t\t\t\t<\/div>\n\t\t\t\t\t<\/div>\n\t\t<\/div>\n\t\t\t\t<div class=\"elementor-column elementor-col-50 elementor-top-column elementor-element elementor-element-6f6465c\" data-id=\"6f6465c\" data-element_type=\"column\" data-settings=\"{&quot;background_background&quot;:&quot;classic&quot;}\">\n\t\t\t<div class=\"elementor-widget-wrap elementor-element-populated\">\n\t\t\t\t\t\t<div class=\"elementor-element elementor-element-726a5c3 elementor-widget elementor-widget-heading\" data-id=\"726a5c3\" data-element_type=\"widget\" data-widget_type=\"heading.default\">\n\t\t\t\t<div class=\"elementor-widget-container\">\n\t\t\t<style>\/*! elementor - v3.23.0 - 05-08-2024 *\/\n.elementor-heading-title{padding:0;margin:0;line-height:1}.elementor-widget-heading .elementor-heading-title[class*=elementor-size-]>a{color:inherit;font-size:inherit;line-height:inherit}.elementor-widget-heading .elementor-heading-title.elementor-size-small{font-size:15px}.elementor-widget-heading .elementor-heading-title.elementor-size-medium{font-size:19px}.elementor-widget-heading .elementor-heading-title.elementor-size-large{font-size:29px}.elementor-widget-heading .elementor-heading-title.elementor-size-xl{font-size:39px}.elementor-widget-heading .elementor-heading-title.elementor-size-xxl{font-size:59px}<\/style><h2 class=\"elementor-heading-title elementor-size-default\">\u00bfQui\u00e9nes Somos?<\/h2>\t\t<\/div>\n\t\t\t\t<\/div>\n\t\t\t\t<div class=\"elementor-element elementor-element-9506a11 elementor-widget__width-initial elementor-widget elementor-widget-text-editor\" data-id=\"9506a11\" data-element_type=\"widget\" data-widget_type=\"text-editor.default\">\n\t\t\t\t<div class=\"elementor-widget-container\">\n\t\t\t<style>\/*! elementor - v3.23.0 - 05-08-2024 *\/\n.elementor-widget-text-editor.elementor-drop-cap-view-stacked .elementor-drop-cap{background-color:#69727d;color:#fff}.elementor-widget-text-editor.elementor-drop-cap-view-framed .elementor-drop-cap{color:#69727d;border:3px solid;background-color:transparent}.elementor-widget-text-editor:not(.elementor-drop-cap-view-default) .elementor-drop-cap{margin-top:8px}.elementor-widget-text-editor:not(.elementor-drop-cap-view-default) .elementor-drop-cap-letter{width:1em;height:1em}.elementor-widget-text-editor .elementor-drop-cap{float:left;text-align:center;line-height:1;font-size:50px}.elementor-widget-text-editor .elementor-drop-cap-letter{display:inline-block}<\/style>\t\t\t\t<p class=\"cvGsUA direction-ltr align-center para-style-body\"><span class=\"OYPEnA font-feature-liga-off font-feature-clig-off font-feature-calt-off text-decoration-none text-strikethrough-none\">Ingenio Educativo surge de la necesidad que hoy presenta el pa\u00eds en mejorar el sistema educativo, brindando capacitaciones y certificaciones basadas en la metodolog\u00eda por competencias laborales apegados a las mejores pr\u00e1cticas nacionales e internacionales. <\/span><\/p><p class=\"cvGsUA direction-ltr align-center para-style-body\"><span class=\"OYPEnA font-feature-liga-off font-feature-clig-off font-feature-calt-off text-decoration-none text-strikethrough-none\">Buscamos impulsar el emprendimiento de las personas brindando las herramientas necesarias por medio de la educaci\u00f3n y formaci\u00f3n de conocimiento, habilidades y aptitudes.<\/span><\/p>\t\t\t\t\t\t<\/div>\n\t\t\t\t<\/div>\n\t\t\t\t<div class=\"elementor-element elementor-element-002a97c elementor-mobile-align-left elementor-align-right elementor-widget__width-initial elementor-widget elementor-widget-button\" data-id=\"002a97c\" data-element_type=\"widget\" data-widget_type=\"button.default\">\n\t\t\t\t<div class=\"elementor-widget-container\">\n\t\t\t\t\t<div class=\"elementor-button-wrapper\">\n\t\t\t<a class=\"elementor-button elementor-button-link elementor-size-sm\" href=\"https:\/\/wa.link\/iol7qw\">\n\t\t\t\t\t\t<span class=\"elementor-button-content-wrapper\">\n\t\t\t\t\t\t\t\t\t<span class=\"elementor-button-text\">\u00a1Cont\u00e1ctanos!<\/span>\n\t\t\t\t\t<\/span>\n\t\t\t\t\t<\/a>\n\t\t<\/div>\n\t\t\t\t<\/div>\n\t\t\t\t<\/div>\n\t\t\t\t<div class=\"elementor-element elementor-element-fa59da1 elementor-widget__width-auto elementor-widget-tablet__width-initial elementor-widget-mobile__width-initial elementor-widget elementor-widget-image\" data-id=\"fa59da1\" data-element_type=\"widget\" data-widget_type=\"image.default\">\n\t\t\t\t<div class=\"elementor-widget-container\">\n\t\t\t\t\t\t\t\t\t\t\t\t\t<img decoding=\"async\" width=\"300\" height=\"168\" src=\"https:\/\/ingenioeducativo.mx\/wp-content\/uploads\/2024\/08\/Recurso-1-300x168.png\" class=\"attachment-medium size-medium wp-image-1096\" alt=\"\" srcset=\"https:\/\/ingenioeducativo.mx\/wp-content\/uploads\/2024\/08\/Recurso-1-300x168.png 300w, https:\/\/ingenioeducativo.mx\/wp-content\/uploads\/2024\/08\/Recurso-1-1024x573.png 1024w, https:\/\/ingenioeducativo.mx\/wp-content\/uploads\/2024\/08\/Recurso-1-768x430.png 768w, https:\/\/ingenioeducativo.mx\/wp-content\/uploads\/2024\/08\/Recurso-1-1536x860.png 1536w, https:\/\/ingenioeducativo.mx\/wp-content\/uploads\/2024\/08\/Recurso-1-2048x1147.png 2048w, https:\/\/ingenioeducativo.mx\/wp-content\/uploads\/2024\/08\/Recurso-1-1140x638.png 1140w, https:\/\/ingenioeducativo.mx\/wp-content\/uploads\/2024\/08\/Recurso-1-920x515.png 920w, https:\/\/ingenioeducativo.mx\/wp-content\/uploads\/2024\/08\/Recurso-1-575x322.png 575w, https:\/\/ingenioeducativo.mx\/wp-content\/uploads\/2024\/08\/Recurso-1-380x213.png 380w, https:\/\/ingenioeducativo.mx\/wp-content\/uploads\/2024\/08\/Recurso-1-420x235.png 420w, https:\/\/ingenioeducativo.mx\/wp-content\/uploads\/2024\/08\/Recurso-1-800x448.png 800w\" sizes=\"(max-width: 300px) 100vw, 300px\" \/>\t\t\t\t\t\t\t\t\t\t\t\t\t<\/div>\n\t\t\t\t<\/div>\n\t\t\t\t<div class=\"elementor-element elementor-element-864d597 elementor-widget elementor-widget-spacer\" data-id=\"864d597\" data-element_type=\"widget\" data-widget_type=\"spacer.default\">\n\t\t\t\t<div class=\"elementor-widget-container\">\n\t\t\t<style>\/*! elementor - v3.23.0 - 05-08-2024 *\/\n.elementor-column .elementor-spacer-inner{height:var(--spacer-size)}.e-con{--container-widget-width:100%}.e-con-inner>.elementor-widget-spacer,.e-con>.elementor-widget-spacer{width:var(--container-widget-width,var(--spacer-size));--align-self:var(--container-widget-align-self,initial);--flex-shrink:0}.e-con-inner>.elementor-widget-spacer>.elementor-widget-container,.e-con>.elementor-widget-spacer>.elementor-widget-container{height:100%;width:100%}.e-con-inner>.elementor-widget-spacer>.elementor-widget-container>.elementor-spacer,.e-con>.elementor-widget-spacer>.elementor-widget-container>.elementor-spacer{height:100%}.e-con-inner>.elementor-widget-spacer>.elementor-widget-container>.elementor-spacer>.elementor-spacer-inner,.e-con>.elementor-widget-spacer>.elementor-widget-container>.elementor-spacer>.elementor-spacer-inner{height:var(--container-widget-height,var(--spacer-size))}.e-con-inner>.elementor-widget-spacer.elementor-widget-empty,.e-con>.elementor-widget-spacer.elementor-widget-empty{position:relative;min-height:22px;min-width:22px}.e-con-inner>.elementor-widget-spacer.elementor-widget-empty .elementor-widget-empty-icon,.e-con>.elementor-widget-spacer.elementor-widget-empty .elementor-widget-empty-icon{position:absolute;top:0;bottom:0;left:0;right:0;margin:auto;padding:0;width:22px;height:22px}<\/style>\t\t<div class=\"elementor-spacer\">\n\t\t\t<div class=\"elementor-spacer-inner\"><\/div>\n\t\t<\/div>\n\t\t\t\t<\/div>\n\t\t\t\t<\/div>\n\t\t\t\t\t<\/div>\n\t\t<\/div>\n\t\t\t\t\t<\/div>\n\t\t<\/section>\n\t\t\t\t<section class=\"elementor-section elementor-top-section elementor-element elementor-element-jrcxvdb elementor-section-full_width elementor-section-content-middle elementor-section-stretched elementor-section-height-default elementor-section-height-default\" data-id=\"jrcxvdb\" data-element_type=\"section\" data-settings=\"{&quot;stretch_section&quot;:&quot;section-stretched&quot;}\">\n\t\t\t\t\t\t<div class=\"elementor-container elementor-column-gap-no\">\n\t\t\t\t\t<div class=\"elementor-column elementor-col-33 elementor-top-column elementor-element elementor-element-cce1d95\" data-id=\"cce1d95\" data-element_type=\"column\" data-settings=\"{&quot;background_background&quot;:&quot;classic&quot;}\">\n\t\t\t<div class=\"elementor-widget-wrap elementor-element-populated\">\n\t\t\t\t\t\t<div class=\"elementor-element elementor-element-dc4e96d elementor-widget elementor-widget-heading\" data-id=\"dc4e96d\" data-element_type=\"widget\" data-widget_type=\"heading.default\">\n\t\t\t\t<div class=\"elementor-widget-container\">\n\t\t\t<h4 class=\"elementor-heading-title elementor-size-default\">Nuestra Filosof\u00eda\n<\/h4>\t\t<\/div>\n\t\t\t\t<\/div>\n\t\t\t\t<div class=\"elementor-element elementor-element-2c69c11 elementor-widget elementor-widget-text-editor\" data-id=\"2c69c11\" data-element_type=\"widget\" data-widget_type=\"text-editor.default\">\n\t\t\t\t<div class=\"elementor-widget-container\">\n\t\t\t\t\t\t\t<p>Conoce cuales son nuestros pilares.<\/p>\t\t\t\t\t\t<\/div>\n\t\t\t\t<\/div>\n\t\t\t\t\t<\/div>\n\t\t<\/div>\n\t\t\t\t<div class=\"elementor-column elementor-col-66 elementor-top-column elementor-element elementor-element-7fa7900\" data-id=\"7fa7900\" data-element_type=\"column\" data-settings=\"{&quot;background_background&quot;:&quot;classic&quot;}\">\n\t\t\t<div class=\"elementor-widget-wrap elementor-element-populated\">\n\t\t\t\t\t<div class=\"elementor-background-overlay\"><\/div>\n\t\t\t\t\t\t<section class=\"elementor-section elementor-inner-section elementor-element elementor-element-53ecbb3 elementor-section-boxed elementor-section-height-default elementor-section-height-default\" data-id=\"53ecbb3\" data-element_type=\"section\" data-settings=\"{&quot;background_background&quot;:&quot;classic&quot;}\">\n\t\t\t\t\t\t<div class=\"elementor-container elementor-column-gap-default\">\n\t\t\t\t\t<div class=\"elementor-column elementor-col-50 elementor-inner-column elementor-element elementor-element-1f52449\" data-id=\"1f52449\" data-element_type=\"column\">\n\t\t\t<div class=\"elementor-widget-wrap elementor-element-populated\">\n\t\t\t\t\t\t<div class=\"elementor-element elementor-element-448936b elementor-view-default elementor-position-top elementor-mobile-position-top elementor-widget elementor-widget-icon-box\" data-id=\"448936b\" data-element_type=\"widget\" data-widget_type=\"icon-box.default\">\n\t\t\t\t<div class=\"elementor-widget-container\">\n\t\t\t<link rel=\"stylesheet\" href=\"https:\/\/ingenioeducativo.mx\/wp-content\/plugins\/elementor\/assets\/css\/widget-icon-box.min.css\">\t\t<div class=\"elementor-icon-box-wrapper\">\n\n\t\t\t\t\t\t<div class=\"elementor-icon-box-icon\">\n\t\t\t\t<span  class=\"elementor-icon elementor-animation-\">\n\t\t\t\t<i aria-hidden=\"true\" class=\"far fa-check-circle\"><\/i>\t\t\t\t<\/span>\n\t\t\t<\/div>\n\t\t\t\n\t\t\t\t\t\t<div class=\"elementor-icon-box-content\">\n\n\t\t\t\t\t\t\t\t\t<h3 class=\"elementor-icon-box-title\">\n\t\t\t\t\t\t<span  >\n\t\t\t\t\t\t\tMisi\u00f3n\t\t\t\t\t\t<\/span>\n\t\t\t\t\t<\/h3>\n\t\t\t\t\n\t\t\t\t\t\t\t\t\t<p class=\"elementor-icon-box-description\">\n\t\t\t\t\t\tEnse\u00f1ar, capacitar, y certificar a las personas en diversas \u00e1reas por medio de nuestros expertos a fin de brindar los conocimientos y herramientas necesarias para generar nuevas oportunidades profesionales y laborales.\t\t\t\t\t<\/p>\n\t\t\t\t\n\t\t\t<\/div>\n\t\t\t\n\t\t<\/div>\n\t\t\t\t<\/div>\n\t\t\t\t<\/div>\n\t\t\t\t\t<\/div>\n\t\t<\/div>\n\t\t\t\t<div class=\"elementor-column elementor-col-50 elementor-inner-column elementor-element elementor-element-0205d33\" data-id=\"0205d33\" data-element_type=\"column\">\n\t\t\t<div class=\"elementor-widget-wrap elementor-element-populated\">\n\t\t\t\t\t\t<div class=\"elementor-element elementor-element-e6355dd elementor-widget elementor-widget-image\" data-id=\"e6355dd\" data-element_type=\"widget\" data-widget_type=\"image.default\">\n\t\t\t\t<div class=\"elementor-widget-container\">\n\t\t\t\t\t\t\t\t\t\t\t\t\t<img decoding=\"async\" width=\"1024\" height=\"1024\" src=\"https:\/\/ingenioeducativo.mx\/wp-content\/uploads\/2024\/08\/whatsapp-catalogo-ingenio-1024x1024.jpg\" class=\"attachment-large size-large wp-image-1116\" alt=\"\" srcset=\"https:\/\/ingenioeducativo.mx\/wp-content\/uploads\/2024\/08\/whatsapp-catalogo-ingenio-1024x1024.jpg 1024w, https:\/\/ingenioeducativo.mx\/wp-content\/uploads\/2024\/08\/whatsapp-catalogo-ingenio-300x300.jpg 300w, https:\/\/ingenioeducativo.mx\/wp-content\/uploads\/2024\/08\/whatsapp-catalogo-ingenio-150x150.jpg 150w, https:\/\/ingenioeducativo.mx\/wp-content\/uploads\/2024\/08\/whatsapp-catalogo-ingenio-768x768.jpg 768w, https:\/\/ingenioeducativo.mx\/wp-content\/uploads\/2024\/08\/whatsapp-catalogo-ingenio-920x920.jpg 920w, https:\/\/ingenioeducativo.mx\/wp-content\/uploads\/2024\/08\/whatsapp-catalogo-ingenio-575x575.jpg 575w, https:\/\/ingenioeducativo.mx\/wp-content\/uploads\/2024\/08\/whatsapp-catalogo-ingenio-380x380.jpg 380w, https:\/\/ingenioeducativo.mx\/wp-content\/uploads\/2024\/08\/whatsapp-catalogo-ingenio-420x420.jpg 420w, https:\/\/ingenioeducativo.mx\/wp-content\/uploads\/2024\/08\/whatsapp-catalogo-ingenio-800x800.jpg 800w, https:\/\/ingenioeducativo.mx\/wp-content\/uploads\/2024\/08\/whatsapp-catalogo-ingenio-100x100.jpg 100w, https:\/\/ingenioeducativo.mx\/wp-content\/uploads\/2024\/08\/whatsapp-catalogo-ingenio.jpg 1080w\" sizes=\"(max-width: 1024px) 100vw, 1024px\" \/>\t\t\t\t\t\t\t\t\t\t\t\t\t<\/div>\n\t\t\t\t<\/div>\n\t\t\t\t\t<\/div>\n\t\t<\/div>\n\t\t\t\t\t<\/div>\n\t\t<\/section>\n\t\t\t\t<section class=\"elementor-section elementor-inner-section elementor-element elementor-element-658c637 elementor-section-boxed elementor-section-height-default elementor-section-height-default\" data-id=\"658c637\" data-element_type=\"section\" data-settings=\"{&quot;background_background&quot;:&quot;classic&quot;}\">\n\t\t\t\t\t\t<div class=\"elementor-container elementor-column-gap-default\">\n\t\t\t\t\t<div class=\"elementor-column elementor-col-50 elementor-inner-column elementor-element elementor-element-bfedf02\" data-id=\"bfedf02\" data-element_type=\"column\">\n\t\t\t<div class=\"elementor-widget-wrap elementor-element-populated\">\n\t\t\t\t\t\t<div class=\"elementor-element elementor-element-b5d0f9a elementor-widget elementor-widget-image\" data-id=\"b5d0f9a\" data-element_type=\"widget\" data-widget_type=\"image.default\">\n\t\t\t\t<div class=\"elementor-widget-container\">\n\t\t\t\t\t\t\t\t\t\t\t\t\t<img loading=\"lazy\" decoding=\"async\" width=\"1024\" height=\"1024\" src=\"https:\/\/ingenioeducativo.mx\/wp-content\/uploads\/2024\/08\/whatsapp-catalogo-ingenio-1-1024x1024.jpg\" class=\"attachment-large size-large wp-image-1117\" alt=\"\" srcset=\"https:\/\/ingenioeducativo.mx\/wp-content\/uploads\/2024\/08\/whatsapp-catalogo-ingenio-1-1024x1024.jpg 1024w, https:\/\/ingenioeducativo.mx\/wp-content\/uploads\/2024\/08\/whatsapp-catalogo-ingenio-1-300x300.jpg 300w, https:\/\/ingenioeducativo.mx\/wp-content\/uploads\/2024\/08\/whatsapp-catalogo-ingenio-1-150x150.jpg 150w, https:\/\/ingenioeducativo.mx\/wp-content\/uploads\/2024\/08\/whatsapp-catalogo-ingenio-1-768x768.jpg 768w, https:\/\/ingenioeducativo.mx\/wp-content\/uploads\/2024\/08\/whatsapp-catalogo-ingenio-1-920x920.jpg 920w, https:\/\/ingenioeducativo.mx\/wp-content\/uploads\/2024\/08\/whatsapp-catalogo-ingenio-1-575x575.jpg 575w, https:\/\/ingenioeducativo.mx\/wp-content\/uploads\/2024\/08\/whatsapp-catalogo-ingenio-1-380x380.jpg 380w, https:\/\/ingenioeducativo.mx\/wp-content\/uploads\/2024\/08\/whatsapp-catalogo-ingenio-1-420x420.jpg 420w, https:\/\/ingenioeducativo.mx\/wp-content\/uploads\/2024\/08\/whatsapp-catalogo-ingenio-1-800x800.jpg 800w, https:\/\/ingenioeducativo.mx\/wp-content\/uploads\/2024\/08\/whatsapp-catalogo-ingenio-1-100x100.jpg 100w, https:\/\/ingenioeducativo.mx\/wp-content\/uploads\/2024\/08\/whatsapp-catalogo-ingenio-1.jpg 1080w\" sizes=\"(max-width: 1024px) 100vw, 1024px\" \/>\t\t\t\t\t\t\t\t\t\t\t\t\t<\/div>\n\t\t\t\t<\/div>\n\t\t\t\t\t<\/div>\n\t\t<\/div>\n\t\t\t\t<div class=\"elementor-column elementor-col-50 elementor-inner-column elementor-element elementor-element-1c6e37e\" data-id=\"1c6e37e\" data-element_type=\"column\">\n\t\t\t<div class=\"elementor-widget-wrap elementor-element-populated\">\n\t\t\t\t\t\t<div class=\"elementor-element elementor-element-6d5426f elementor-view-default elementor-position-top elementor-mobile-position-top elementor-widget elementor-widget-icon-box\" data-id=\"6d5426f\" data-element_type=\"widget\" data-widget_type=\"icon-box.default\">\n\t\t\t\t<div class=\"elementor-widget-container\">\n\t\t\t\t\t<div class=\"elementor-icon-box-wrapper\">\n\n\t\t\t\t\t\t<div class=\"elementor-icon-box-icon\">\n\t\t\t\t<span  class=\"elementor-icon elementor-animation-\">\n\t\t\t\t<i aria-hidden=\"true\" class=\"far fa-newspaper\"><\/i>\t\t\t\t<\/span>\n\t\t\t<\/div>\n\t\t\t\n\t\t\t\t\t\t<div class=\"elementor-icon-box-content\">\n\n\t\t\t\t\t\t\t\t\t<h3 class=\"elementor-icon-box-title\">\n\t\t\t\t\t\t<span  >\n\t\t\t\t\t\t\tVisi\u00f3n\t\t\t\t\t\t<\/span>\n\t\t\t\t\t<\/h3>\n\t\t\t\t\n\t\t\t\t\t\t\t\t\t<p class=\"elementor-icon-box-description\">\n\t\t\t\t\t\tSer un referente como instituci\u00f3n educativa, de capacitaci\u00f3n y certificaci\u00f3n a nivel nacional apoyando a todos las personas en lograr sus metas profesionales, educativas y personales.\t\t\t\t\t<\/p>\n\t\t\t\t\n\t\t\t<\/div>\n\t\t\t\n\t\t<\/div>\n\t\t\t\t<\/div>\n\t\t\t\t<\/div>\n\t\t\t\t\t<\/div>\n\t\t<\/div>\n\t\t\t\t\t<\/div>\n\t\t<\/section>\n\t\t\t\t\t<\/div>\n\t\t<\/div>\n\t\t\t\t\t<\/div>\n\t\t<\/section>\n\t\t\t\t<\/div>\n\t\t","protected":false},"excerpt":{"rendered":"<p>\u00bfQui\u00e9nes Somos? Ingenio Educativo surge de la necesidad que hoy presenta el pa\u00eds en mejorar el sistema educativo, brindando capacitaciones y certificaciones basadas en la metodolog\u00eda por competencias laborales apegados [&hellip;]<\/p>\n","protected":false},"author":1,"featured_media":0,"parent":0,"menu_order":0,"comment_status":"closed","ping_status":"closed","template":"","meta":{"_eb_attr":"","footnotes":""},"class_list":["post-1073","page","type-page","status-publish","hentry"],"_links":{"self":[{"href":"https:\/\/ingenioeducativo.mx\/index.php\/wp-json\/wp\/v2\/pages\/1073"}],"collection":[{"href":"https:\/\/ingenioeducativo.mx\/index.php\/wp-json\/wp\/v2\/pages"}],"about":[{"href":"https:\/\/ingenioeducativo.mx\/index.php\/wp-json\/wp\/v2\/types\/page"}],"author":[{"embeddable":true,"href":"https:\/\/ingenioeducativo.mx\/index.php\/wp-json\/wp\/v2\/users\/1"}],"replies":[{"embeddable":true,"href":"https:\/\/ingenioeducativo.mx\/index.php\/wp-json\/wp\/v2\/comments?post=1073"}],"version-history":[{"count":29,"href":"https:\/\/ingenioeducativo.mx\/index.php\/wp-json\/wp\/v2\/pages\/1073\/revisions"}],"predecessor-version":[{"id":1341,"href":"https:\/\/ingenioeducativo.mx\/index.php\/wp-json\/wp\/v2\/pages\/1073\/revisions\/1341"}],"wp:attachment":[{"href":"https:\/\/ingenioeducativo.mx\/index.php\/wp-json\/wp\/v2\/media?parent=1073"}],"curies":[{"name":"wp","href":"https:\/\/api.w.org\/{rel}","templated":true}]}}