{"id":31,"date":"2021-07-17T09:49:14","date_gmt":"2021-07-17T09:49:14","guid":{"rendered":"https:\/\/demo.athemes.com\/botiga\/?post_type=product&#038;p=31"},"modified":"2024-09-11T21:29:57","modified_gmt":"2024-09-11T21:29:57","slug":"rare-earth-deep-pore-minimizing-cleansing-clay-mask","status":"publish","type":"product","link":"https:\/\/ingenioeducativo.mx\/index.php\/product\/rare-earth-deep-pore-minimizing-cleansing-clay-mask\/","title":{"rendered":"EC0924 Prestaci\u00f3n de servicio de maquillaje social"},"content":{"rendered":"<p>El Est\u00e1ndar de Competencia <strong>&#8220;EC0924&#8221; <\/strong>es un referente para la evaluaci\u00f3n y certificaci\u00f3n de quienes ofrecen servicios de maquillaje social. Incluye la preparaci\u00f3n tanto del \u00e1rea de trabajo como del cliente, y la aplicaci\u00f3n de t\u00e9cnicas de maquillaje natural, casual y smokey eyes. Adem\u00e1s, este est\u00e1ndar puede servir de base para el desarrollo de programas de capacitaci\u00f3n y formaci\u00f3n en Competencias Laborales. Cabe destacar que este Est\u00e1ndar de Competencia se enfoca en funciones que no requieren, por disposici\u00f3n legal, la posesi\u00f3n de un t\u00edtulo profesional. Por lo tanto, no es necesario contar con un documento acad\u00e9mico para obtener la certificaci\u00f3n en este est\u00e1ndar.<\/p>\n","protected":false},"excerpt":{"rendered":"<p>El Est\u00e1ndar de Competencia<strong> &#8220;EC0924&#8221;<\/strong> eval\u00faa y certifica a quienes prestan servicios de maquillaje social, incluyendo la preparaci\u00f3n del \u00e1rea de trabajo, atenci\u00f3n al cliente, y la aplicaci\u00f3n de t\u00e9cnicas de maquillaje natural, casual y smokey eyes.<\/p>\n","protected":false},"featured_media":1167,"comment_status":"open","ping_status":"closed","template":"","meta":{"_eb_attr":""},"product_cat":[21],"product_tag":[],"class_list":{"0":"post-31","1":"product","2":"type-product","3":"status-publish","4":"has-post-thumbnail","6":"product_cat-estandares-de-competencia","8":"first","9":"instock","10":"sale","11":"shipping-taxable","12":"purchasable","13":"product-type-simple"},"_links":{"self":[{"href":"https:\/\/ingenioeducativo.mx\/index.php\/wp-json\/wp\/v2\/product\/31"}],"collection":[{"href":"https:\/\/ingenioeducativo.mx\/index.php\/wp-json\/wp\/v2\/product"}],"about":[{"href":"https:\/\/ingenioeducativo.mx\/index.php\/wp-json\/wp\/v2\/types\/product"}],"replies":[{"embeddable":true,"href":"https:\/\/ingenioeducativo.mx\/index.php\/wp-json\/wp\/v2\/comments?post=31"}],"wp:featuredmedia":[{"embeddable":true,"href":"https:\/\/ingenioeducativo.mx\/index.php\/wp-json\/wp\/v2\/media\/1167"}],"wp:attachment":[{"href":"https:\/\/ingenioeducativo.mx\/index.php\/wp-json\/wp\/v2\/media?parent=31"}],"wp:term":[{"taxonomy":"product_cat","embeddable":true,"href":"https:\/\/ingenioeducativo.mx\/index.php\/wp-json\/wp\/v2\/product_cat?post=31"},{"taxonomy":"product_tag","embeddable":true,"href":"https:\/\/ingenioeducativo.mx\/index.php\/wp-json\/wp\/v2\/product_tag?post=31"}],"curies":[{"name":"wp","href":"https:\/\/api.w.org\/{rel}","templated":true}]}}