{"id":40,"date":"2021-07-17T10:39:31","date_gmt":"2021-07-17T10:39:31","guid":{"rendered":"https:\/\/demo.athemes.com\/botiga\/?post_type=product&#038;p=40"},"modified":"2024-09-11T21:14:34","modified_gmt":"2024-09-11T21:14:34","slug":"facial-treatment-essence-pitera-essence","status":"publish","type":"product","link":"https:\/\/ingenioeducativo.mx\/index.php\/product\/facial-treatment-essence-pitera-essence\/","title":{"rendered":"EC0301 Dise\u00f1o de cursos de formaci\u00f3n del capital humano de manera presencial grupal."},"content":{"rendered":"<p>El est\u00e1ndar de competencia<strong>&#8220;EC0301&#8221;<\/strong>abarca todas las actividades realizadas por una persona durante el dise\u00f1o de cursos de formaci\u00f3n del capital humano. Esto incluye:<\/p>\n<ul>\n<li>Dise\u00f1ar cursos de capacitaci\u00f3n presenciales, elaborando la carta descriptiva y seleccionando las t\u00e9cnicas de instrucci\u00f3n.<\/li>\n<li>Dise\u00f1ar instrumentos para la evaluaci\u00f3n de cursos presenciales, elaborando los reactivos del instrumento de evaluaci\u00f3n y creando el instrumento para la evaluaci\u00f3n de la satisfacci\u00f3n del curso.<\/li>\n<li>Desarrollar manuales de cursos de capacitaci\u00f3n presenciales, elaborando el manual del instructor y seleccionando las fuentes de informaci\u00f3n para el manual del participante.<\/li>\n<\/ul>\n","protected":false},"excerpt":{"rendered":"<p>El est\u00e1ndar de competencia\u00a0\u00a0<strong>&#8220;EC0301&#8221;<\/strong>abarca el dise\u00f1o de cursos presenciales, incluyendo la carta descriptiva y t\u00e9cnicas de instrucci\u00f3n, la creaci\u00f3n de instrumentos de evaluaci\u00f3n, como reactivos y evaluaciones de satisfacci\u00f3n, y el desarrollo de manuales para el curso, incluyendo el manual del instructor y del participante.<\/p>\n","protected":false},"featured_media":1134,"comment_status":"open","ping_status":"closed","template":"","meta":{"_eb_attr":""},"product_cat":[21],"product_tag":[],"class_list":{"0":"post-40","1":"product","2":"type-product","3":"status-publish","4":"has-post-thumbnail","6":"product_cat-estandares-de-competencia","8":"first","9":"instock","10":"sale","11":"shipping-taxable","12":"purchasable","13":"product-type-simple"},"_links":{"self":[{"href":"https:\/\/ingenioeducativo.mx\/index.php\/wp-json\/wp\/v2\/product\/40"}],"collection":[{"href":"https:\/\/ingenioeducativo.mx\/index.php\/wp-json\/wp\/v2\/product"}],"about":[{"href":"https:\/\/ingenioeducativo.mx\/index.php\/wp-json\/wp\/v2\/types\/product"}],"replies":[{"embeddable":true,"href":"https:\/\/ingenioeducativo.mx\/index.php\/wp-json\/wp\/v2\/comments?post=40"}],"wp:featuredmedia":[{"embeddable":true,"href":"https:\/\/ingenioeducativo.mx\/index.php\/wp-json\/wp\/v2\/media\/1134"}],"wp:attachment":[{"href":"https:\/\/ingenioeducativo.mx\/index.php\/wp-json\/wp\/v2\/media?parent=40"}],"wp:term":[{"taxonomy":"product_cat","embeddable":true,"href":"https:\/\/ingenioeducativo.mx\/index.php\/wp-json\/wp\/v2\/product_cat?post=40"},{"taxonomy":"product_tag","embeddable":true,"href":"https:\/\/ingenioeducativo.mx\/index.php\/wp-json\/wp\/v2\/product_tag?post=40"}],"curies":[{"name":"wp","href":"https:\/\/api.w.org\/{rel}","templated":true}]}}