{"id":42,"date":"2021-07-17T10:42:05","date_gmt":"2021-07-17T10:42:05","guid":{"rendered":"https:\/\/demo.athemes.com\/botiga\/?post_type=product&#038;p=42"},"modified":"2024-09-11T21:29:43","modified_gmt":"2024-09-11T21:29:43","slug":"mini-radiant-creamy-concealer-and-blush-customizable-set","status":"publish","type":"product","link":"https:\/\/ingenioeducativo.mx\/index.php\/product\/mini-radiant-creamy-concealer-and-blush-customizable-set\/","title":{"rendered":"EC0859 Maquillaje profesional"},"content":{"rendered":"<p>EL Est\u00e1ndar de Competencia <strong>&#8220;EC0859&#8221;<\/strong> sirve como gu\u00eda para la evaluaci\u00f3n y certificaci\u00f3n de profesionales en el dise\u00f1o de maquillaje. Comprende la preparaci\u00f3n del \u00e1rea de trabajo, incluyendo la organizaci\u00f3n del equipo, materiales y herramientas, as\u00ed como la atenci\u00f3n al cliente. Tambi\u00e9n abarca la aplicaci\u00f3n de la base de maquillaje utilizando diversas t\u00e9cnicas, y el maquillaje de ojos, cejas y labios. Para alcanzar la competencia en este est\u00e1ndar, se requiere un promedio de 120 horas de experiencia laboral o 50 horas de experiencia complementadas con 58 horas de capacitaci\u00f3n.<\/p>\n","protected":false},"excerpt":{"rendered":"<p>El est\u00e1ndar de competencia &#8220;EC0859&#8221; eval\u00faa y certifica a quienes realizan funciones de maquillaje profesional, abarcando la preparaci\u00f3n del \u00e1rea de trabajo, atenci\u00f3n al cliente y la aplicaci\u00f3n de maquillaje en rostro, ojos, cejas y labios.<\/p>\n","protected":false},"featured_media":1161,"comment_status":"open","ping_status":"closed","template":"","meta":{"_eb_attr":""},"product_cat":[21],"product_tag":[],"class_list":{"0":"post-42","1":"product","2":"type-product","3":"status-publish","4":"has-post-thumbnail","6":"product_cat-estandares-de-competencia","8":"first","9":"instock","10":"sale","11":"shipping-taxable","12":"purchasable","13":"product-type-simple"},"_links":{"self":[{"href":"https:\/\/ingenioeducativo.mx\/index.php\/wp-json\/wp\/v2\/product\/42"}],"collection":[{"href":"https:\/\/ingenioeducativo.mx\/index.php\/wp-json\/wp\/v2\/product"}],"about":[{"href":"https:\/\/ingenioeducativo.mx\/index.php\/wp-json\/wp\/v2\/types\/product"}],"replies":[{"embeddable":true,"href":"https:\/\/ingenioeducativo.mx\/index.php\/wp-json\/wp\/v2\/comments?post=42"}],"wp:featuredmedia":[{"embeddable":true,"href":"https:\/\/ingenioeducativo.mx\/index.php\/wp-json\/wp\/v2\/media\/1161"}],"wp:attachment":[{"href":"https:\/\/ingenioeducativo.mx\/index.php\/wp-json\/wp\/v2\/media?parent=42"}],"wp:term":[{"taxonomy":"product_cat","embeddable":true,"href":"https:\/\/ingenioeducativo.mx\/index.php\/wp-json\/wp\/v2\/product_cat?post=42"},{"taxonomy":"product_tag","embeddable":true,"href":"https:\/\/ingenioeducativo.mx\/index.php\/wp-json\/wp\/v2\/product_tag?post=42"}],"curies":[{"name":"wp","href":"https:\/\/api.w.org\/{rel}","templated":true}]}}