{"id":608,"date":"2023-08-08T00:49:30","date_gmt":"2023-08-08T00:49:30","guid":{"rendered":"https:\/\/ingenioeducativo.mx\/?post_type=product&#038;p=608"},"modified":"2024-09-11T21:15:50","modified_gmt":"2024-09-11T21:15:50","slug":"ec0616-prestacion-de-servicios-auxiliares-de-enfermeria-en-cuidados-basicos-y-orientacion-a-personas-en-unidades-de-atencion-medica","status":"publish","type":"product","link":"https:\/\/ingenioeducativo.mx\/index.php\/product\/ec0616-prestacion-de-servicios-auxiliares-de-enfermeria-en-cuidados-basicos-y-orientacion-a-personas-en-unidades-de-atencion-medica\/","title":{"rendered":"EC0616 Prestaci\u00f3n de servicios auxiliares de enfermer\u00eda en cuidados b\u00e1sicos y orientaci\u00f3n a personas en unidades de atenci\u00f3n m\u00e9dica."},"content":{"rendered":"<div class=\"flex max-w-full flex-col flex-grow\">\n<div class=\"min-h-[20px] text-message flex w-full flex-col items-end gap-2 whitespace-pre-wrap break-words [.text-message+&amp;]:mt-5 overflow-x-auto\" dir=\"auto\" data-message-author-role=\"assistant\" data-message-id=\"16868a69-b6ba-4c9c-934d-7feb5cd46a68\">\n<div class=\"flex w-full flex-col gap-1 empty:hidden first:pt-[3px]\">\n<div class=\"markdown prose w-full break-words dark:prose-invert dark\">\n<p>El est\u00e1ndar de competencia <strong>&#8220;EC0616&#8221;<\/strong> en prestaci\u00f3n de servicios auxiliares de enfermer\u00eda en cuidados b\u00e1sicos y orientaci\u00f3n en unidades de atenci\u00f3n m\u00e9dica describe las funciones necesarias para atender necesidades como oxigenaci\u00f3n, alimentaci\u00f3n, eliminaci\u00f3n, confort, seguridad, protecci\u00f3n, cuidados post mortem y orientaci\u00f3n para el autocuidado. Este est\u00e1ndar se basa en principios rectores de legalidad, competitividad, acceso libre, respeto, trabajo digno y responsabilidad social.<\/p>\n<\/div>\n<\/div>\n<\/div>\n<\/div>\n","protected":false},"excerpt":{"rendered":"<p>El est\u00e1ndar de competencia <strong>&#8220;EC0616&#8221;<\/strong> sirve como referencia para evaluar y certificar a quienes brindan cuidados b\u00e1sicos de enfermer\u00eda y orientaci\u00f3n a personas y familias.<\/p>\n","protected":false},"featured_media":1141,"comment_status":"open","ping_status":"closed","template":"","meta":{"_eb_attr":""},"product_cat":[21],"product_tag":[],"class_list":{"0":"post-608","1":"product","2":"type-product","3":"status-publish","4":"has-post-thumbnail","6":"product_cat-estandares-de-competencia","8":"first","9":"instock","10":"sale","11":"shipping-taxable","12":"purchasable","13":"product-type-simple"},"_links":{"self":[{"href":"https:\/\/ingenioeducativo.mx\/index.php\/wp-json\/wp\/v2\/product\/608"}],"collection":[{"href":"https:\/\/ingenioeducativo.mx\/index.php\/wp-json\/wp\/v2\/product"}],"about":[{"href":"https:\/\/ingenioeducativo.mx\/index.php\/wp-json\/wp\/v2\/types\/product"}],"replies":[{"embeddable":true,"href":"https:\/\/ingenioeducativo.mx\/index.php\/wp-json\/wp\/v2\/comments?post=608"}],"wp:featuredmedia":[{"embeddable":true,"href":"https:\/\/ingenioeducativo.mx\/index.php\/wp-json\/wp\/v2\/media\/1141"}],"wp:attachment":[{"href":"https:\/\/ingenioeducativo.mx\/index.php\/wp-json\/wp\/v2\/media?parent=608"}],"wp:term":[{"taxonomy":"product_cat","embeddable":true,"href":"https:\/\/ingenioeducativo.mx\/index.php\/wp-json\/wp\/v2\/product_cat?post=608"},{"taxonomy":"product_tag","embeddable":true,"href":"https:\/\/ingenioeducativo.mx\/index.php\/wp-json\/wp\/v2\/product_tag?post=608"}],"curies":[{"name":"wp","href":"https:\/\/api.w.org\/{rel}","templated":true}]}}