{"id":610,"date":"2023-08-08T00:55:13","date_gmt":"2023-08-08T00:55:13","guid":{"rendered":"https:\/\/ingenioeducativo.mx\/?post_type=product&#038;p=610"},"modified":"2024-08-08T10:22:36","modified_gmt":"2024-08-08T10:22:36","slug":"ec0401-liderazgo-en-el-servicio-publico","status":"publish","type":"product","link":"https:\/\/ingenioeducativo.mx\/index.php\/product\/ec0401-liderazgo-en-el-servicio-publico\/","title":{"rendered":"EC0401 Liderazgo en el servicio p\u00fablico."},"content":{"rendered":"<p>El Est\u00e1ndar de Competencia <strong>&#8220;EC0401&#8221;<\/strong> define el modelo de conducta y desempe\u00f1o para el servidor p\u00fablico, sirviendo como base para su evaluaci\u00f3n y certificaci\u00f3n en la Administraci\u00f3n P\u00fablica. Establece competencias clave como vocaci\u00f3n de servicio, construcci\u00f3n de relaciones, valores \u00e9ticos, enfoque en resultados e impulso del cambio, garantizando un desempe\u00f1o de alta calidad. El est\u00e1ndar describe al servidor p\u00fablico como un gestor del bien com\u00fan que atiende las necesidades de los usuarios, fomenta la colaboraci\u00f3n, resuelve problemas, mejora la administraci\u00f3n p\u00fablica e innova en su \u00e1rea de trabajo, siempre con un compromiso hacia la legalidad y la calidad en el servicio.<\/p>\n","protected":false},"excerpt":{"rendered":"<p>El Est\u00e1ndar de Competencia<strong> &#8220;EC0401&#8221;<\/strong>establece un modelo referencial para el ser y actuar del servidor p\u00fablico, sirviendo como base para su evaluaci\u00f3n y certificaci\u00f3n en la Administraci\u00f3n P\u00fablica.<\/p>\n","protected":false},"featured_media":1139,"comment_status":"open","ping_status":"closed","template":"","meta":{"_eb_attr":""},"product_cat":[21],"product_tag":[],"class_list":{"0":"post-610","1":"product","2":"type-product","3":"status-publish","4":"has-post-thumbnail","6":"product_cat-estandares-de-competencia","8":"first","9":"instock","10":"sale","11":"shipping-taxable","12":"purchasable","13":"product-type-simple"},"_links":{"self":[{"href":"https:\/\/ingenioeducativo.mx\/index.php\/wp-json\/wp\/v2\/product\/610"}],"collection":[{"href":"https:\/\/ingenioeducativo.mx\/index.php\/wp-json\/wp\/v2\/product"}],"about":[{"href":"https:\/\/ingenioeducativo.mx\/index.php\/wp-json\/wp\/v2\/types\/product"}],"replies":[{"embeddable":true,"href":"https:\/\/ingenioeducativo.mx\/index.php\/wp-json\/wp\/v2\/comments?post=610"}],"wp:featuredmedia":[{"embeddable":true,"href":"https:\/\/ingenioeducativo.mx\/index.php\/wp-json\/wp\/v2\/media\/1139"}],"wp:attachment":[{"href":"https:\/\/ingenioeducativo.mx\/index.php\/wp-json\/wp\/v2\/media?parent=610"}],"wp:term":[{"taxonomy":"product_cat","embeddable":true,"href":"https:\/\/ingenioeducativo.mx\/index.php\/wp-json\/wp\/v2\/product_cat?post=610"},{"taxonomy":"product_tag","embeddable":true,"href":"https:\/\/ingenioeducativo.mx\/index.php\/wp-json\/wp\/v2\/product_tag?post=610"}],"curies":[{"name":"wp","href":"https:\/\/api.w.org\/{rel}","templated":true}]}}