{"id":915,"date":"2024-07-30T20:44:37","date_gmt":"2024-07-30T20:44:37","guid":{"rendered":"https:\/\/ingenioeducativo.mx\/?post_type=product&#038;p=915"},"modified":"2024-09-11T21:16:24","modified_gmt":"2024-09-11T21:16:24","slug":"verificacion-externa-de-la-operacion-de-los-centros-de-evaluacion-y-evaluadores-independientes","status":"publish","type":"product","link":"https:\/\/ingenioeducativo.mx\/index.php\/product\/verificacion-externa-de-la-operacion-de-los-centros-de-evaluacion-y-evaluadores-independientes\/","title":{"rendered":"EC0091 Verificaci\u00f3n externa de la operaci\u00f3n de los Centros de Evaluaci\u00f3n y Evaluadores Independientes"},"content":{"rendered":"<p style=\"text-align: left;\">El est\u00e1ndar de competencia <strong>&#8220;EC0091&#8221;<\/strong> sirve como referente para la evaluaci\u00f3n y certificaci\u00f3n de las personas que se desempe\u00f1an como verificadores externos de la operaci\u00f3n que realizan tanto los Centros de Evaluaci\u00f3n como los Evaluadores independientes de la Red de Prestadores de Servicios del CONOCER.<\/p>\n","protected":false},"excerpt":{"rendered":"<p>El est\u00e1ndar de competencia <strong>&#8220;EC0091&#8221;<\/strong> certifica a verificadores externos que supervisan centros y evaluadores, y tambi\u00e9n se utiliza para programas de capacitaci\u00f3n. Incluye la preparaci\u00f3n, elaboraci\u00f3n, ejecuci\u00f3n y presentaci\u00f3n de planes de verificaci\u00f3n externa. Se basa en principios de legalidad, competitividad, acceso libre, respeto, trabajo digno y responsabilidad social.<\/p>\n","protected":false},"featured_media":1239,"comment_status":"open","ping_status":"closed","template":"","meta":{"_eb_attr":""},"product_cat":[21],"product_tag":[],"class_list":{"0":"post-915","1":"product","2":"type-product","3":"status-publish","4":"has-post-thumbnail","6":"product_cat-estandares-de-competencia","8":"first","9":"instock","10":"sale","11":"shipping-taxable","12":"purchasable","13":"product-type-simple"},"_links":{"self":[{"href":"https:\/\/ingenioeducativo.mx\/index.php\/wp-json\/wp\/v2\/product\/915"}],"collection":[{"href":"https:\/\/ingenioeducativo.mx\/index.php\/wp-json\/wp\/v2\/product"}],"about":[{"href":"https:\/\/ingenioeducativo.mx\/index.php\/wp-json\/wp\/v2\/types\/product"}],"replies":[{"embeddable":true,"href":"https:\/\/ingenioeducativo.mx\/index.php\/wp-json\/wp\/v2\/comments?post=915"}],"wp:featuredmedia":[{"embeddable":true,"href":"https:\/\/ingenioeducativo.mx\/index.php\/wp-json\/wp\/v2\/media\/1239"}],"wp:attachment":[{"href":"https:\/\/ingenioeducativo.mx\/index.php\/wp-json\/wp\/v2\/media?parent=915"}],"wp:term":[{"taxonomy":"product_cat","embeddable":true,"href":"https:\/\/ingenioeducativo.mx\/index.php\/wp-json\/wp\/v2\/product_cat?post=915"},{"taxonomy":"product_tag","embeddable":true,"href":"https:\/\/ingenioeducativo.mx\/index.php\/wp-json\/wp\/v2\/product_tag?post=915"}],"curies":[{"name":"wp","href":"https:\/\/api.w.org\/{rel}","templated":true}]}}