{"id":919,"date":"2024-07-30T20:58:14","date_gmt":"2024-07-30T20:58:14","guid":{"rendered":"https:\/\/ingenioeducativo.mx\/?post_type=product&#038;p=919"},"modified":"2024-09-11T21:17:00","modified_gmt":"2024-09-11T21:17:00","slug":"venta-de-productos-y-servicios-via-telefonica","status":"publish","type":"product","link":"https:\/\/ingenioeducativo.mx\/index.php\/product\/venta-de-productos-y-servicios-via-telefonica\/","title":{"rendered":"EC0254 Venta de productos y servicios v\u00eda telef\u00f3nica"},"content":{"rendered":"<p class=\"cvGsUA direction-ltr align-justify para-style-body\"><span class=\"OYPEnA font-feature-liga-off font-feature-clig-off font-feature-calt-off text-decoration-none text-strikethrough-none\">El Est\u00e1ndar de Competencia <strong>EC0254<\/strong> sirve como referente para la evaluaci\u00f3n y certificaci\u00f3n de las personas que realizan la funci\u00f3n de promoci\u00f3n y venta, a trav\u00e9s del medio de comunicaci\u00f3n telef\u00f3nica, verificando la disponibilidad y funcionamiento de las herramientas de trabajo, e interactuando con el cliente para la promoci\u00f3n y venta de productos y servicios v\u00eda telef\u00f3nica.<\/span><\/p>\n<p class=\"cvGsUA direction-ltr align-justify para-style-body\"><span class=\"OYPEnA font-feature-liga-off font-feature-clig-off font-feature-calt-off text-decoration-none text-strikethrough-none\">Este Est\u00e1ndar de Competencia expresa la competencia que una persona realiza para la funci\u00f3n de promoci\u00f3n y venta, a trav\u00e9s del medio de comunicaci\u00f3n telef\u00f3nica, preparando las herramientas de trabajo proporcionadas por la empresa o centro de contacto, verificando su funcionamiento y adquiriendo los estatus de disponibilidad, interactuando con el cliente y detectando necesidades conforme a los lineamientos establecidos en cada empresa y\/o centro de contacto, verificando y procesando la informaci\u00f3n y\/o documentaci\u00f3n requerida para gestionar el servicio hasta concretar la venta.<\/span><\/p>\n","protected":false},"excerpt":{"rendered":"<p>El est\u00e1ndar de competencia del &#8220;<strong>EC0254&#8243;<\/strong> certifica a quienes realizan promoci\u00f3n y venta por tel\u00e9fono, verificando herramientas de trabajo e interactuando con clientes seg\u00fan lineamientos empresariales.<\/p>\n","protected":false},"featured_media":1235,"comment_status":"open","ping_status":"closed","template":"","meta":{"_eb_attr":""},"product_cat":[21],"product_tag":[],"class_list":{"0":"post-919","1":"product","2":"type-product","3":"status-publish","4":"has-post-thumbnail","6":"product_cat-estandares-de-competencia","8":"first","9":"instock","10":"sale","11":"shipping-taxable","12":"purchasable","13":"product-type-simple"},"_links":{"self":[{"href":"https:\/\/ingenioeducativo.mx\/index.php\/wp-json\/wp\/v2\/product\/919"}],"collection":[{"href":"https:\/\/ingenioeducativo.mx\/index.php\/wp-json\/wp\/v2\/product"}],"about":[{"href":"https:\/\/ingenioeducativo.mx\/index.php\/wp-json\/wp\/v2\/types\/product"}],"replies":[{"embeddable":true,"href":"https:\/\/ingenioeducativo.mx\/index.php\/wp-json\/wp\/v2\/comments?post=919"}],"wp:featuredmedia":[{"embeddable":true,"href":"https:\/\/ingenioeducativo.mx\/index.php\/wp-json\/wp\/v2\/media\/1235"}],"wp:attachment":[{"href":"https:\/\/ingenioeducativo.mx\/index.php\/wp-json\/wp\/v2\/media?parent=919"}],"wp:term":[{"taxonomy":"product_cat","embeddable":true,"href":"https:\/\/ingenioeducativo.mx\/index.php\/wp-json\/wp\/v2\/product_cat?post=919"},{"taxonomy":"product_tag","embeddable":true,"href":"https:\/\/ingenioeducativo.mx\/index.php\/wp-json\/wp\/v2\/product_tag?post=919"}],"curies":[{"name":"wp","href":"https:\/\/api.w.org\/{rel}","templated":true}]}}