{"id":922,"date":"2024-07-30T21:15:11","date_gmt":"2024-07-30T21:15:11","guid":{"rendered":"https:\/\/ingenioeducativo.mx\/?post_type=product&#038;p=922"},"modified":"2024-09-11T21:21:38","modified_gmt":"2024-09-11T21:21:38","slug":"desarrollo-de-cursos-de-formacion-en-linea","status":"publish","type":"product","link":"https:\/\/ingenioeducativo.mx\/index.php\/product\/desarrollo-de-cursos-de-formacion-en-linea\/","title":{"rendered":"EC0366 Desarrollo de Cursos de Formaci\u00f3n en L\u00ednea"},"content":{"rendered":"<p>El prop\u00f3sito del Est\u00e1ndar de Competencia <strong>&#8220;EC0366&#8221; <\/strong>es servir como referente para la evaluaci\u00f3n y certificaci\u00f3n de las personas que se desempe\u00f1an como desarrolladores de cursos para formaci\u00f3n en l\u00ednea.<\/p>\n<p>Contempla las competencias que un desarrollador de cursos para formaci\u00f3n en l\u00ednea emplea en la planificaci\u00f3n del desarrollo de un curso de formaci\u00f3n en l\u00ednea, la elaboraci\u00f3n de contenidos y verificaci\u00f3n del funcionamiento de \u00e9ste. Tambi\u00e9n establece los conocimientos te\u00f3ricos, b\u00e1sicos y pr\u00e1cticos con los que debe contar para realizar un trabajo, as\u00ed como las actitudes relevantes en su desempe\u00f1o y se fundamenta en criterios rectores de legalidad, competitividad, libre acceso, respeto, trabajo digno y responsabilidad social.<\/p>\n","protected":false},"excerpt":{"rendered":"<p>El est\u00e1ndar de competencia <strong>&#8220;EC0366&#8221;<\/strong> certifica a desarrolladores de cursos en l\u00ednea, evaluando su planificaci\u00f3n, elaboraci\u00f3n de contenidos y verificaci\u00f3n del curso.<\/p>\n","protected":false},"featured_media":1224,"comment_status":"open","ping_status":"closed","template":"","meta":{"_eb_attr":""},"product_cat":[21],"product_tag":[],"class_list":{"0":"post-922","1":"product","2":"type-product","3":"status-publish","4":"has-post-thumbnail","6":"product_cat-estandares-de-competencia","8":"first","9":"instock","10":"sale","11":"shipping-taxable","12":"purchasable","13":"product-type-simple"},"_links":{"self":[{"href":"https:\/\/ingenioeducativo.mx\/index.php\/wp-json\/wp\/v2\/product\/922"}],"collection":[{"href":"https:\/\/ingenioeducativo.mx\/index.php\/wp-json\/wp\/v2\/product"}],"about":[{"href":"https:\/\/ingenioeducativo.mx\/index.php\/wp-json\/wp\/v2\/types\/product"}],"replies":[{"embeddable":true,"href":"https:\/\/ingenioeducativo.mx\/index.php\/wp-json\/wp\/v2\/comments?post=922"}],"wp:featuredmedia":[{"embeddable":true,"href":"https:\/\/ingenioeducativo.mx\/index.php\/wp-json\/wp\/v2\/media\/1224"}],"wp:attachment":[{"href":"https:\/\/ingenioeducativo.mx\/index.php\/wp-json\/wp\/v2\/media?parent=922"}],"wp:term":[{"taxonomy":"product_cat","embeddable":true,"href":"https:\/\/ingenioeducativo.mx\/index.php\/wp-json\/wp\/v2\/product_cat?post=922"},{"taxonomy":"product_tag","embeddable":true,"href":"https:\/\/ingenioeducativo.mx\/index.php\/wp-json\/wp\/v2\/product_tag?post=922"}],"curies":[{"name":"wp","href":"https:\/\/api.w.org\/{rel}","templated":true}]}}