{"id":923,"date":"2024-07-30T21:19:56","date_gmt":"2024-07-30T21:19:56","guid":{"rendered":"https:\/\/ingenioeducativo.mx\/?post_type=product&#038;p=923"},"modified":"2024-09-11T21:22:03","modified_gmt":"2024-09-11T21:22:03","slug":"presupuestacion-del-gasto-publico-con-base-en-resultados","status":"publish","type":"product","link":"https:\/\/ingenioeducativo.mx\/index.php\/product\/presupuestacion-del-gasto-publico-con-base-en-resultados\/","title":{"rendered":"EC0402 Presupuestaci\u00f3n del Gasto P\u00fablico con base en resultados"},"content":{"rendered":"<p>El Est\u00e1ndar de Competencia <strong>&#8220;EC0402&#8221;<\/strong> sirve como referente para la evaluaci\u00f3n y certificaci\u00f3n de las personas que se desempe\u00f1an en el proceso de presupuestaci\u00f3n con base en resultados dentro de la Administraci\u00f3n P\u00fablica Federal, Estatal o Municipal, al generar la herramienta de planeaci\u00f3n estrat\u00e9gica para presupuestar con base en resultados mediante la Metodolog\u00eda de Marco L\u00f3gico (MML) y determinar acciones de mejora para un programa presupuestario con base en la informaci\u00f3n de desempe\u00f1o.<\/p>\n<p>El EC describe el desempe\u00f1o de un servidor p\u00fablico dentro del proceso presupuestario basado en resultados, al generar la herramienta estrat\u00e9gica para presupuestar con base en resultados mediante la MML mediante la elaboraci\u00f3n de los \u00e1rboles de problemas y de objetivos as\u00ed como la Matriz de Indicadores para Resultados (MIR), y la determinaci\u00f3n de acciones de mejora para un programa presupuestario con base en la informaci\u00f3n de desempe\u00f1o a trav\u00e9s de elaborar la tabla de acciones PbR. El presente Est\u00e1ndar de Competencia se fundamenta en criterios rectores de legalidad, competitividad, libre acceso, respeto, trabajo digno y responsabilidad social.<\/p>\n","protected":false},"excerpt":{"rendered":"<p>El est\u00e1ndar de competencia <strong>&#8220;EC0402&#8221;<\/strong> certifica a quienes se desempe\u00f1an en la presupuestaci\u00f3n basada en resultados en la administraci\u00f3n p\u00fablica.<\/p>\n","protected":false},"featured_media":1215,"comment_status":"open","ping_status":"closed","template":"","meta":{"_eb_attr":""},"product_cat":[21],"product_tag":[],"class_list":{"0":"post-923","1":"product","2":"type-product","3":"status-publish","4":"has-post-thumbnail","6":"product_cat-estandares-de-competencia","8":"first","9":"instock","10":"sale","11":"shipping-taxable","12":"purchasable","13":"product-type-simple"},"_links":{"self":[{"href":"https:\/\/ingenioeducativo.mx\/index.php\/wp-json\/wp\/v2\/product\/923"}],"collection":[{"href":"https:\/\/ingenioeducativo.mx\/index.php\/wp-json\/wp\/v2\/product"}],"about":[{"href":"https:\/\/ingenioeducativo.mx\/index.php\/wp-json\/wp\/v2\/types\/product"}],"replies":[{"embeddable":true,"href":"https:\/\/ingenioeducativo.mx\/index.php\/wp-json\/wp\/v2\/comments?post=923"}],"wp:featuredmedia":[{"embeddable":true,"href":"https:\/\/ingenioeducativo.mx\/index.php\/wp-json\/wp\/v2\/media\/1215"}],"wp:attachment":[{"href":"https:\/\/ingenioeducativo.mx\/index.php\/wp-json\/wp\/v2\/media?parent=923"}],"wp:term":[{"taxonomy":"product_cat","embeddable":true,"href":"https:\/\/ingenioeducativo.mx\/index.php\/wp-json\/wp\/v2\/product_cat?post=923"},{"taxonomy":"product_tag","embeddable":true,"href":"https:\/\/ingenioeducativo.mx\/index.php\/wp-json\/wp\/v2\/product_tag?post=923"}],"curies":[{"name":"wp","href":"https:\/\/api.w.org\/{rel}","templated":true}]}}