{"id":924,"date":"2024-07-30T21:22:45","date_gmt":"2024-07-30T21:22:45","guid":{"rendered":"https:\/\/ingenioeducativo.mx\/?post_type=product&#038;p=924"},"modified":"2024-09-11T21:22:57","modified_gmt":"2024-09-11T21:22:57","slug":"venta-especializada-de-productos-y-servicios","status":"publish","type":"product","link":"https:\/\/ingenioeducativo.mx\/index.php\/product\/venta-especializada-de-productos-y-servicios\/","title":{"rendered":"EC0518 Venta Especializada de Productos y Servicios"},"content":{"rendered":"<p>El Est\u00e1ndar de Competencia &#8220;EC0518&#8221; sirve como referente para la evaluaci\u00f3n y certificaci\u00f3n de las personas que desarrollan funciones relacionadas con ventas, en las que el vendedor realiza actividades especializadas de an\u00e1lisis de mercado meta, detecci\u00f3n de necesidades de sus clientes, manejo de objeciones, cierre de la venta y su seguimiento.<\/p>\n<p>Establece y define las funciones elementales que una persona debe realizar para ser competente en la venta especializada de productos y servicios, en el cual, planea la venta por medio de la prospecci\u00f3n y clasificaci\u00f3n de empresas en el mercado meta, tiene un acercamiento con el cliente obteniendo sus necesidades y present\u00e1ndole los productos a vender, presenta la propuesta al cliente manejando sus objeciones, realiza cierre de ventas, y le da al cliente servicio post-venta.<\/p>\n","protected":false},"excerpt":{"rendered":"<p>El est\u00e1ndar de competencia<strong> &#8220;EC0518&#8221;<\/strong> certifica a vendedores en actividades especializadas como an\u00e1lisis de mercado, detecci\u00f3n de necesidades, manejo de objeciones, cierre de ventas y seguimiento.<\/p>\n","protected":false},"featured_media":1213,"comment_status":"open","ping_status":"closed","template":"","meta":{"_eb_attr":""},"product_cat":[21],"product_tag":[],"class_list":{"0":"post-924","1":"product","2":"type-product","3":"status-publish","4":"has-post-thumbnail","6":"product_cat-estandares-de-competencia","8":"first","9":"instock","10":"sale","11":"shipping-taxable","12":"purchasable","13":"product-type-simple"},"_links":{"self":[{"href":"https:\/\/ingenioeducativo.mx\/index.php\/wp-json\/wp\/v2\/product\/924"}],"collection":[{"href":"https:\/\/ingenioeducativo.mx\/index.php\/wp-json\/wp\/v2\/product"}],"about":[{"href":"https:\/\/ingenioeducativo.mx\/index.php\/wp-json\/wp\/v2\/types\/product"}],"replies":[{"embeddable":true,"href":"https:\/\/ingenioeducativo.mx\/index.php\/wp-json\/wp\/v2\/comments?post=924"}],"wp:featuredmedia":[{"embeddable":true,"href":"https:\/\/ingenioeducativo.mx\/index.php\/wp-json\/wp\/v2\/media\/1213"}],"wp:attachment":[{"href":"https:\/\/ingenioeducativo.mx\/index.php\/wp-json\/wp\/v2\/media?parent=924"}],"wp:term":[{"taxonomy":"product_cat","embeddable":true,"href":"https:\/\/ingenioeducativo.mx\/index.php\/wp-json\/wp\/v2\/product_cat?post=924"},{"taxonomy":"product_tag","embeddable":true,"href":"https:\/\/ingenioeducativo.mx\/index.php\/wp-json\/wp\/v2\/product_tag?post=924"}],"curies":[{"name":"wp","href":"https:\/\/api.w.org\/{rel}","templated":true}]}}