{"id":925,"date":"2024-07-30T21:27:59","date_gmt":"2024-07-30T21:27:59","guid":{"rendered":"https:\/\/ingenioeducativo.mx\/?post_type=product&#038;p=925"},"modified":"2024-09-11T21:23:53","modified_gmt":"2024-09-11T21:23:53","slug":"aplicacion-de-unas-acrilicas-con-tecnica-escultural","status":"publish","type":"product","link":"https:\/\/ingenioeducativo.mx\/index.php\/product\/aplicacion-de-unas-acrilicas-con-tecnica-escultural\/","title":{"rendered":"EC0613 Aplicaci\u00f3n de U\u00f1as Acr\u00edlicas con T\u00e9cnica Escultural"},"content":{"rendered":"<p>El est\u00e1ndar de competencia <strong>EC0613<\/strong> certifica a los aplicadores de u\u00f1as acr\u00edlicas con t\u00e9cnica escultural. Define las habilidades necesarias para preparar la u\u00f1a natural, crear la estructura acr\u00edlica y aplicar esmalte en gel. Adem\u00e1s, establece los conocimientos y actitudes requeridos para realizar el trabajo con eficacia.<\/p>\n<p>Este est\u00e1ndar se basa en principios de legalidad, competitividad, acceso libre, respeto, trabajo digno y responsabilidad social.<\/p>\n","protected":false},"excerpt":{"rendered":"<p>El est\u00e1ndar de competencia <strong>&#8220;EC0613&#8221;<\/strong> certifica a aplicadores de u\u00f1as acr\u00edlicas con t\u00e9cnica escultural. Describe las habilidades desde la preparaci\u00f3n de la u\u00f1a natural hasta la creaci\u00f3n de la estructura acr\u00edlica y la aplicaci\u00f3n de esmalte en gel.<\/p>\n","protected":false},"featured_media":1209,"comment_status":"open","ping_status":"closed","template":"","meta":{"_eb_attr":""},"product_cat":[21],"product_tag":[],"class_list":{"0":"post-925","1":"product","2":"type-product","3":"status-publish","4":"has-post-thumbnail","6":"product_cat-estandares-de-competencia","8":"first","9":"instock","10":"sale","11":"shipping-taxable","12":"purchasable","13":"product-type-simple"},"_links":{"self":[{"href":"https:\/\/ingenioeducativo.mx\/index.php\/wp-json\/wp\/v2\/product\/925"}],"collection":[{"href":"https:\/\/ingenioeducativo.mx\/index.php\/wp-json\/wp\/v2\/product"}],"about":[{"href":"https:\/\/ingenioeducativo.mx\/index.php\/wp-json\/wp\/v2\/types\/product"}],"replies":[{"embeddable":true,"href":"https:\/\/ingenioeducativo.mx\/index.php\/wp-json\/wp\/v2\/comments?post=925"}],"wp:featuredmedia":[{"embeddable":true,"href":"https:\/\/ingenioeducativo.mx\/index.php\/wp-json\/wp\/v2\/media\/1209"}],"wp:attachment":[{"href":"https:\/\/ingenioeducativo.mx\/index.php\/wp-json\/wp\/v2\/media?parent=925"}],"wp:term":[{"taxonomy":"product_cat","embeddable":true,"href":"https:\/\/ingenioeducativo.mx\/index.php\/wp-json\/wp\/v2\/product_cat?post=925"},{"taxonomy":"product_tag","embeddable":true,"href":"https:\/\/ingenioeducativo.mx\/index.php\/wp-json\/wp\/v2\/product_tag?post=925"}],"curies":[{"name":"wp","href":"https:\/\/api.w.org\/{rel}","templated":true}]}}