{"id":927,"date":"2024-07-30T21:32:36","date_gmt":"2024-07-30T21:32:36","guid":{"rendered":"https:\/\/ingenioeducativo.mx\/?post_type=product&#038;p=927"},"modified":"2024-09-11T21:24:11","modified_gmt":"2024-09-11T21:24:11","slug":"propiciar-el-aprendizaje-significativo-en-educacion-media-superior-y-superior","status":"publish","type":"product","link":"https:\/\/ingenioeducativo.mx\/index.php\/product\/propiciar-el-aprendizaje-significativo-en-educacion-media-superior-y-superior\/","title":{"rendered":"EC0647 Propiciar el Aprendizaje Significativo en Educaci\u00f3n Media Superior y Superior"},"content":{"rendered":"<p>El est\u00e1ndar de competencia <strong>&#8220;EC0647&#8221;<\/strong> sirve como referente para la evaluaci\u00f3n y certificaci\u00f3n de las personas que imparten sesiones en el aula mediante la demostraci\u00f3n del desempe\u00f1o en las funciones que comprende el est\u00e1ndar.<\/p>\n<p>Asimismo, puede ser referente para el desarrollo de programas de capacitaci\u00f3n y de formaci\u00f3n basados en Est\u00e1ndares de Competencia (EC).<\/p>\n<p>Se presentan las funciones sustantivas relacionadas con la impartici\u00f3n de sesiones en el aula. Lo anterior requiere planear las mismas, utilizando los documentos curriculares as\u00ed como cuidar la secuencia did\u00e1ctica de la misma y realizar evaluaciones formativas que orienten los aprendizajes de los alumnos conforme a los instrumentos de evaluaci\u00f3n determinados por la organizaci\u00f3n educativa. Tambi\u00e9n establece los conocimientos te\u00f3ricos, b\u00e1sicos y pr\u00e1cticos con los que debe de contar un facilitador, instructor o docente de educaci\u00f3n media superior y superior para realizar su trabajo, as\u00ed como las actitudes, h\u00e1bitos y valores, relevantes en su desempe\u00f1o.<\/p>\n","protected":false},"excerpt":{"rendered":"<p>El est\u00e1ndar de competencia <strong>&#8220;EC0647&#8221;<\/strong> certifica a quienes imparten sesiones en el aula, evaluando su desempe\u00f1o en la planificaci\u00f3n, secuenciaci\u00f3n did\u00e1ctica y evaluaci\u00f3n formativa.<\/p>\n","protected":false},"featured_media":1202,"comment_status":"open","ping_status":"closed","template":"","meta":{"_eb_attr":""},"product_cat":[21],"product_tag":[],"class_list":{"0":"post-927","1":"product","2":"type-product","3":"status-publish","4":"has-post-thumbnail","6":"product_cat-estandares-de-competencia","8":"first","9":"instock","10":"sale","11":"shipping-taxable","12":"purchasable","13":"product-type-simple"},"_links":{"self":[{"href":"https:\/\/ingenioeducativo.mx\/index.php\/wp-json\/wp\/v2\/product\/927"}],"collection":[{"href":"https:\/\/ingenioeducativo.mx\/index.php\/wp-json\/wp\/v2\/product"}],"about":[{"href":"https:\/\/ingenioeducativo.mx\/index.php\/wp-json\/wp\/v2\/types\/product"}],"replies":[{"embeddable":true,"href":"https:\/\/ingenioeducativo.mx\/index.php\/wp-json\/wp\/v2\/comments?post=927"}],"wp:featuredmedia":[{"embeddable":true,"href":"https:\/\/ingenioeducativo.mx\/index.php\/wp-json\/wp\/v2\/media\/1202"}],"wp:attachment":[{"href":"https:\/\/ingenioeducativo.mx\/index.php\/wp-json\/wp\/v2\/media?parent=927"}],"wp:term":[{"taxonomy":"product_cat","embeddable":true,"href":"https:\/\/ingenioeducativo.mx\/index.php\/wp-json\/wp\/v2\/product_cat?post=927"},{"taxonomy":"product_tag","embeddable":true,"href":"https:\/\/ingenioeducativo.mx\/index.php\/wp-json\/wp\/v2\/product_tag?post=927"}],"curies":[{"name":"wp","href":"https:\/\/api.w.org\/{rel}","templated":true}]}}