{"id":928,"date":"2024-07-30T21:37:17","date_gmt":"2024-07-30T21:37:17","guid":{"rendered":"https:\/\/ingenioeducativo.mx\/?post_type=product&#038;p=928"},"modified":"2024-09-11T21:25:40","modified_gmt":"2024-09-11T21:25:40","slug":"uso-de-la-lengua-inglesa-en-un-contexto-laboral","status":"publish","type":"product","link":"https:\/\/ingenioeducativo.mx\/index.php\/product\/uso-de-la-lengua-inglesa-en-un-contexto-laboral\/","title":{"rendered":"EC0679 Uso de la Lengua Inglesa en un Contexto Laboral"},"content":{"rendered":"<p>EL Est\u00e1ndar de Competencia<strong> &#8220;EC0679&#8221;<\/strong> sirve como referente para la evaluaci\u00f3n y certificaci\u00f3n de las personas que se desempe\u00f1an en funciones laborales que requieren el uso de la lengua inglesa, oral y escrita, de manera efectiva y apropiada con un nivel independiente.<\/p>\n<p>En el Est\u00e1ndar de Competencia Uso de la lengua inglesa en un contexto laboral, se establecen las actividades y conocimientos b\u00e1sicos que la persona deber\u00e1 demostrar en la utilizaci\u00f3n de la lengua inglesa de manera oral y escrita, y considera los elementos de comprensi\u00f3n auditiva, expresi\u00f3n oral, comprensi\u00f3n de lectura y expresi\u00f3n escrita; \u00a0se fundamenta en criterios rectores de legalidad, competitividad, libre acceso, respeto, trabajo digno y responsabilidad social.<\/p>\n","protected":false},"excerpt":{"rendered":"<p>El est\u00e1ndar de competencia <strong>&#8220;EC0679&#8221;<\/strong> certifica el uso efectivo del ingl\u00e9s, tanto oral como escrito, en el contexto laboral a un nivel independiente.<\/p>\n","protected":false},"featured_media":1197,"comment_status":"open","ping_status":"closed","template":"","meta":{"_eb_attr":""},"product_cat":[21],"product_tag":[],"class_list":{"0":"post-928","1":"product","2":"type-product","3":"status-publish","4":"has-post-thumbnail","6":"product_cat-estandares-de-competencia","8":"first","9":"instock","10":"sale","11":"shipping-taxable","12":"purchasable","13":"product-type-simple"},"_links":{"self":[{"href":"https:\/\/ingenioeducativo.mx\/index.php\/wp-json\/wp\/v2\/product\/928"}],"collection":[{"href":"https:\/\/ingenioeducativo.mx\/index.php\/wp-json\/wp\/v2\/product"}],"about":[{"href":"https:\/\/ingenioeducativo.mx\/index.php\/wp-json\/wp\/v2\/types\/product"}],"replies":[{"embeddable":true,"href":"https:\/\/ingenioeducativo.mx\/index.php\/wp-json\/wp\/v2\/comments?post=928"}],"wp:featuredmedia":[{"embeddable":true,"href":"https:\/\/ingenioeducativo.mx\/index.php\/wp-json\/wp\/v2\/media\/1197"}],"wp:attachment":[{"href":"https:\/\/ingenioeducativo.mx\/index.php\/wp-json\/wp\/v2\/media?parent=928"}],"wp:term":[{"taxonomy":"product_cat","embeddable":true,"href":"https:\/\/ingenioeducativo.mx\/index.php\/wp-json\/wp\/v2\/product_cat?post=928"},{"taxonomy":"product_tag","embeddable":true,"href":"https:\/\/ingenioeducativo.mx\/index.php\/wp-json\/wp\/v2\/product_tag?post=928"}],"curies":[{"name":"wp","href":"https:\/\/api.w.org\/{rel}","templated":true}]}}