{"id":929,"date":"2024-07-30T21:41:14","date_gmt":"2024-07-30T21:41:14","guid":{"rendered":"https:\/\/ingenioeducativo.mx\/?post_type=product&#038;p=929"},"modified":"2024-09-11T21:25:58","modified_gmt":"2024-09-11T21:25:58","slug":"supervision-en-seguridad-industrial-para-lideres-de-equipos-de-trabajo","status":"publish","type":"product","link":"https:\/\/ingenioeducativo.mx\/index.php\/product\/supervision-en-seguridad-industrial-para-lideres-de-equipos-de-trabajo\/","title":{"rendered":"EC0680 Supervisi\u00f3n en Seguridad Industrial para L\u00edderes de Equipos de Trabajo"},"content":{"rendered":"<p>El Est\u00e1ndar de Competencia <strong>&#8220;EC0680&#8221; <\/strong>sirve como referente para la evaluaci\u00f3n y certificaci\u00f3n de las personas que se desempe\u00f1an en la funci\u00f3n de supervisi\u00f3n en seguridad industrial, para l\u00edderes de equipos de trabajo de cualquier \u00e1mbito laboral.<\/p>\n<p>Establece y define las funciones elementales que una persona debe realizar para ser competente en la funci\u00f3n de supervisi\u00f3n en seguridad industrial, para l\u00edderes de equipos de trabajo; dichas funciones abarcan desde prever, coordinar y reportar acciones para prevenir peligros y riesgos generadores potenciales de accidentes en cualquier sector laboral. El presente Est\u00e1ndar de Competencia se fundamenta en criterios rectores de legalidad, competitividad, libre acceso, respeto, trabajo digno y responsabilidad social.<\/p>\n","protected":false},"excerpt":{"rendered":"<p>El est\u00e1ndar de competencia <strong>&#8220;EC0680&#8221;<\/strong> certifica\u00a0 a supervisores de seguridad industrial, definidos para l\u00edderes de equipos en diversos \u00e1mbitos laborales y establece las funciones clave para prever, coordinar y reportar acciones que prevengan peligros y riesgos en el trabajo.<\/p>\n","protected":false},"featured_media":1190,"comment_status":"open","ping_status":"closed","template":"","meta":{"_eb_attr":""},"product_cat":[21],"product_tag":[],"class_list":{"0":"post-929","1":"product","2":"type-product","3":"status-publish","4":"has-post-thumbnail","6":"product_cat-estandares-de-competencia","8":"first","9":"instock","10":"sale","11":"shipping-taxable","12":"purchasable","13":"product-type-simple"},"_links":{"self":[{"href":"https:\/\/ingenioeducativo.mx\/index.php\/wp-json\/wp\/v2\/product\/929"}],"collection":[{"href":"https:\/\/ingenioeducativo.mx\/index.php\/wp-json\/wp\/v2\/product"}],"about":[{"href":"https:\/\/ingenioeducativo.mx\/index.php\/wp-json\/wp\/v2\/types\/product"}],"replies":[{"embeddable":true,"href":"https:\/\/ingenioeducativo.mx\/index.php\/wp-json\/wp\/v2\/comments?post=929"}],"wp:featuredmedia":[{"embeddable":true,"href":"https:\/\/ingenioeducativo.mx\/index.php\/wp-json\/wp\/v2\/media\/1190"}],"wp:attachment":[{"href":"https:\/\/ingenioeducativo.mx\/index.php\/wp-json\/wp\/v2\/media?parent=929"}],"wp:term":[{"taxonomy":"product_cat","embeddable":true,"href":"https:\/\/ingenioeducativo.mx\/index.php\/wp-json\/wp\/v2\/product_cat?post=929"},{"taxonomy":"product_tag","embeddable":true,"href":"https:\/\/ingenioeducativo.mx\/index.php\/wp-json\/wp\/v2\/product_tag?post=929"}],"curies":[{"name":"wp","href":"https:\/\/api.w.org\/{rel}","templated":true}]}}