{"id":93,"date":"2021-07-18T08:40:16","date_gmt":"2021-07-18T08:40:16","guid":{"rendered":"https:\/\/demo.athemes.com\/botiga\/?post_type=product&#038;p=93"},"modified":"2024-09-11T21:29:34","modified_gmt":"2024-09-11T21:29:34","slug":"watermelon-glow-hyaluronic-clay-pore-tight-facial-mask","status":"publish","type":"product","link":"https:\/\/ingenioeducativo.mx\/index.php\/product\/watermelon-glow-hyaluronic-clay-pore-tight-facial-mask\/","title":{"rendered":"EC0611 Aplicaci\u00f3n de extensiones de pesta\u00f1as una a una."},"content":{"rendered":"<p>El est\u00e1ndar de competencia proporciona la base para la evaluaci\u00f3n y certificaci\u00f3n de aplicadores de pesta\u00f1as, cubriendo las competencias esenciales como la preparaci\u00f3n de la estaci\u00f3n de trabajo, la colocaci\u00f3n y el retiro de extensiones. Tambi\u00e9n sirve para el desarrollo de programas de capacitaci\u00f3n basados en estos est\u00e1ndares.<\/p>\n<p>El est\u00e1ndar detalla las funciones del aplicador, desde la preparaci\u00f3n del \u00e1rea de trabajo hasta la aplicaci\u00f3n y retirada de las extensiones. Define los conocimientos te\u00f3ricos y pr\u00e1cticos necesarios, as\u00ed como las actitudes requeridas para un desempe\u00f1o adecuado. Se fundamenta en principios de legalidad, competitividad, acceso equitativo, respeto, trabajo digno y responsabilidad social.<\/p>\n","protected":false},"excerpt":{"rendered":"<p>El est\u00e1ndar de competencia <strong>&#8220;EC0611&#8221;<\/strong> sirve como base para la evaluaci\u00f3n y certificaci\u00f3n de aplicadores de pesta\u00f1as, abarcando competencias como preparar la estaci\u00f3n de trabajo, colocar y retirar extensiones. Tambi\u00e9n es \u00fatil para desarrollar programas de capacitaci\u00f3n basados en estos est\u00e1ndares.<\/p>\n","protected":false},"featured_media":1146,"comment_status":"open","ping_status":"closed","template":"","meta":{"_eb_attr":""},"product_cat":[21],"product_tag":[],"class_list":{"0":"post-93","1":"product","2":"type-product","3":"status-publish","4":"has-post-thumbnail","6":"product_cat-estandares-de-competencia","8":"first","9":"instock","10":"sale","11":"shipping-taxable","12":"purchasable","13":"product-type-simple"},"_links":{"self":[{"href":"https:\/\/ingenioeducativo.mx\/index.php\/wp-json\/wp\/v2\/product\/93"}],"collection":[{"href":"https:\/\/ingenioeducativo.mx\/index.php\/wp-json\/wp\/v2\/product"}],"about":[{"href":"https:\/\/ingenioeducativo.mx\/index.php\/wp-json\/wp\/v2\/types\/product"}],"replies":[{"embeddable":true,"href":"https:\/\/ingenioeducativo.mx\/index.php\/wp-json\/wp\/v2\/comments?post=93"}],"wp:featuredmedia":[{"embeddable":true,"href":"https:\/\/ingenioeducativo.mx\/index.php\/wp-json\/wp\/v2\/media\/1146"}],"wp:attachment":[{"href":"https:\/\/ingenioeducativo.mx\/index.php\/wp-json\/wp\/v2\/media?parent=93"}],"wp:term":[{"taxonomy":"product_cat","embeddable":true,"href":"https:\/\/ingenioeducativo.mx\/index.php\/wp-json\/wp\/v2\/product_cat?post=93"},{"taxonomy":"product_tag","embeddable":true,"href":"https:\/\/ingenioeducativo.mx\/index.php\/wp-json\/wp\/v2\/product_tag?post=93"}],"curies":[{"name":"wp","href":"https:\/\/api.w.org\/{rel}","templated":true}]}}