{"id":930,"date":"2024-07-30T21:48:30","date_gmt":"2024-07-30T21:48:30","guid":{"rendered":"https:\/\/ingenioeducativo.mx\/?post_type=product&#038;p=930"},"modified":"2024-09-11T21:15:31","modified_gmt":"2024-09-11T21:15:31","slug":"liderazgo-efectivo-en-las-organizaciones","status":"publish","type":"product","link":"https:\/\/ingenioeducativo.mx\/index.php\/product\/liderazgo-efectivo-en-las-organizaciones\/","title":{"rendered":"EC1061 Liderazgo Efectivo en las Organizaciones"},"content":{"rendered":"<p>EL Est\u00e1ndar de Competencia<strong> &#8220;EC1061&#8221;<\/strong> sirve como referente para la evaluaci\u00f3n y certificaci\u00f3n de las personas que se desempe\u00f1an como servidores p\u00fablicos al interior de la Secretar\u00eda de Agricultura, Ganader\u00eda, Desarrollo Rural, Pesca y Alimentaci\u00f3n (SAGARPA).<\/p>\n<p>Asimismo, puede ser referente para el desarrollo de programas de capacitaci\u00f3n y de formaci\u00f3n basados en Est\u00e1ndares de Competencia (EC).<\/p>\n<p>El presente EC se refiere \u00fanicamente a funciones para cuya realizaci\u00f3n no se requiere por disposici\u00f3n legal, la posesi\u00f3n de un t\u00edtulo profesional. Por lo que para certificarse en este EC no deber\u00e1 ser requisito el poseer dicho documento acad\u00e9mico.<\/p>\n","protected":false},"excerpt":{"rendered":"<p>El est\u00e1ndar de competencia <strong>&#8220;EC1061&#8221;<\/strong> certifica a servidores p\u00fablicos en la Secretar\u00eda de Agricultura, Ganader\u00eda, Desarrollo Rural, Pesca y Alimentaci\u00f3n (SAGARPA) para funciones que no requieren un t\u00edtulo profesional.<\/p>\n","protected":false},"featured_media":1181,"comment_status":"open","ping_status":"closed","template":"","meta":{"_eb_attr":""},"product_cat":[21],"product_tag":[],"class_list":{"0":"post-930","1":"product","2":"type-product","3":"status-publish","4":"has-post-thumbnail","6":"product_cat-estandares-de-competencia","8":"first","9":"instock","10":"sale","11":"shipping-taxable","12":"purchasable","13":"product-type-simple"},"_links":{"self":[{"href":"https:\/\/ingenioeducativo.mx\/index.php\/wp-json\/wp\/v2\/product\/930"}],"collection":[{"href":"https:\/\/ingenioeducativo.mx\/index.php\/wp-json\/wp\/v2\/product"}],"about":[{"href":"https:\/\/ingenioeducativo.mx\/index.php\/wp-json\/wp\/v2\/types\/product"}],"replies":[{"embeddable":true,"href":"https:\/\/ingenioeducativo.mx\/index.php\/wp-json\/wp\/v2\/comments?post=930"}],"wp:featuredmedia":[{"embeddable":true,"href":"https:\/\/ingenioeducativo.mx\/index.php\/wp-json\/wp\/v2\/media\/1181"}],"wp:attachment":[{"href":"https:\/\/ingenioeducativo.mx\/index.php\/wp-json\/wp\/v2\/media?parent=930"}],"wp:term":[{"taxonomy":"product_cat","embeddable":true,"href":"https:\/\/ingenioeducativo.mx\/index.php\/wp-json\/wp\/v2\/product_cat?post=930"},{"taxonomy":"product_tag","embeddable":true,"href":"https:\/\/ingenioeducativo.mx\/index.php\/wp-json\/wp\/v2\/product_tag?post=930"}],"curies":[{"name":"wp","href":"https:\/\/api.w.org\/{rel}","templated":true}]}}