{"id":931,"date":"2024-07-30T21:51:37","date_gmt":"2024-07-30T21:51:37","guid":{"rendered":"https:\/\/ingenioeducativo.mx\/?post_type=product&#038;p=931"},"modified":"2024-09-11T21:26:19","modified_gmt":"2024-09-11T21:26:19","slug":"imparticion-de-sesiones-clases-sincronas-utilizando-plataformas-dispositivos-y-herramientas-digitales","status":"publish","type":"product","link":"https:\/\/ingenioeducativo.mx\/index.php\/product\/imparticion-de-sesiones-clases-sincronas-utilizando-plataformas-dispositivos-y-herramientas-digitales\/","title":{"rendered":"EC1307 Impartici\u00f3n de Sesiones\/Clases S\u00edncronas Utilizando Plataformas, Dispositivos y Herramientas Digitales"},"content":{"rendered":"<p>El Est\u00e1ndar de Competencia <strong>&#8220;EC1307&#8221;<\/strong> sirve como referente para la evaluaci\u00f3n y certificaci\u00f3n de las personas que se desempe\u00f1an como facilitadores o tutores, que emplean plataformas, dispositivos y herramientas digitales impartir sesiones\/clases s\u00edncronas.<\/p>\n<p>El est\u00e1ndar de competencia contempla la impartici\u00f3n de sesiones\/clases s\u00edncronas utilizando plataformas, dispositivos y herramientas digitales, desde la planeaci\u00f3n y programaci\u00f3n de la plataforma, la invitaci\u00f3n a usuarios, la elaboraci\u00f3n del plan did\u00e1ctico y los materiales de apoyo; continuando con la ejecuci\u00f3n de las sesiones\/clases lo cual incluye su preparaci\u00f3n previa momentos antes de iniciar, la bienvenida, el encuadre, el desarrollo y el cierre; hasta la evaluaci\u00f3n, el dise\u00f1o de instrumentos y la elaboraci\u00f3n del reporte.<\/p>\n<p>El presente EC se fundamenta en criterios rectores de legalidad, competitividad, libre acceso, respeto, trabajo digno y responsabilidad social.<\/p>\n","protected":false},"excerpt":{"rendered":"<p>El est\u00e1ndar de competencia<strong> &#8220;EC1307&#8221;<\/strong> certifica a facilitadores o tutores que imparten clases s\u00edncronas usando plataformas digitales.<\/p>\n","protected":false},"featured_media":1176,"comment_status":"open","ping_status":"closed","template":"","meta":{"_eb_attr":""},"product_cat":[21],"product_tag":[],"class_list":{"0":"post-931","1":"product","2":"type-product","3":"status-publish","4":"has-post-thumbnail","6":"product_cat-estandares-de-competencia","8":"first","9":"instock","10":"sale","11":"shipping-taxable","12":"purchasable","13":"product-type-simple"},"_links":{"self":[{"href":"https:\/\/ingenioeducativo.mx\/index.php\/wp-json\/wp\/v2\/product\/931"}],"collection":[{"href":"https:\/\/ingenioeducativo.mx\/index.php\/wp-json\/wp\/v2\/product"}],"about":[{"href":"https:\/\/ingenioeducativo.mx\/index.php\/wp-json\/wp\/v2\/types\/product"}],"replies":[{"embeddable":true,"href":"https:\/\/ingenioeducativo.mx\/index.php\/wp-json\/wp\/v2\/comments?post=931"}],"wp:featuredmedia":[{"embeddable":true,"href":"https:\/\/ingenioeducativo.mx\/index.php\/wp-json\/wp\/v2\/media\/1176"}],"wp:attachment":[{"href":"https:\/\/ingenioeducativo.mx\/index.php\/wp-json\/wp\/v2\/media?parent=931"}],"wp:term":[{"taxonomy":"product_cat","embeddable":true,"href":"https:\/\/ingenioeducativo.mx\/index.php\/wp-json\/wp\/v2\/product_cat?post=931"},{"taxonomy":"product_tag","embeddable":true,"href":"https:\/\/ingenioeducativo.mx\/index.php\/wp-json\/wp\/v2\/product_tag?post=931"}],"curies":[{"name":"wp","href":"https:\/\/api.w.org\/{rel}","templated":true}]}}