{"id":932,"date":"2024-07-30T21:54:41","date_gmt":"2024-07-30T21:54:41","guid":{"rendered":"https:\/\/ingenioeducativo.mx\/?post_type=product&#038;p=932"},"modified":"2024-09-11T21:27:16","modified_gmt":"2024-09-11T21:27:16","slug":"administracion-de-un-centro-de-evaluacion-de-competencia-laboral","status":"publish","type":"product","link":"https:\/\/ingenioeducativo.mx\/index.php\/product\/administracion-de-un-centro-de-evaluacion-de-competencia-laboral\/","title":{"rendered":"EC1440 Administraci\u00f3n de un Centro de Evaluaci\u00f3n de Competencia Laboral"},"content":{"rendered":"<p>El Est\u00e1ndar de Competencia <strong>&#8220;EC1440&#8221;<\/strong> sirve como referente para la evaluaci\u00f3n y certificaci\u00f3n de las personas que coordinan las acciones para la acreditaci\u00f3n y operaci\u00f3n de un Centro de Evaluaci\u00f3n de competencias laborales tal cual lo establece la Red de Prestadores de Servicio del CONOCER.<\/p>\n<p>Contiene y refiere los desempe\u00f1os que un responsable de un centro de evaluaci\u00f3n debe demostrar, en el quehacer de su funci\u00f3n, desde la gesti\u00f3n para contratar a los evaluadores para el Centro de Evaluaci\u00f3n (CE), su acreditaci\u00f3n ante la Entidad de Certificaci\u00f3n y Evaluaci\u00f3n de Competencias (ECE)\/Organismo Certificador (OC), revisar y verificar que el CE cuente con la infraestructura requerida de acuerdo a la normatividad establecida por el CONOCER y las pol\u00edticas de la ECE\/OC establecidas de forma interna para su operaci\u00f3n, corroborar que mantiene la informaci\u00f3n requerida a la vista del p\u00fablico; as\u00ed como apoyar la operaci\u00f3n de los evaluadores y entregar la informaci\u00f3n requerida para los grupos de dictamen; llevar un registro y control de sus procesos y mantener al CE en los indicadores y par\u00e1metros de calidad exigidos por el Sistema Nacional de Competencias (SNC).<\/p>\n","protected":false},"excerpt":{"rendered":"<p>El est\u00e1ndar de competencia <strong>&#8220;EC1440&#8221;<\/strong> certifica a quienes coordinan la acreditaci\u00f3n y operaci\u00f3n de un Centro de Evaluaci\u00f3n de competencias laborales seg\u00fan la Red de Prestadores de Servicio del CONOCER. Incluye la gesti\u00f3n de evaluadores, su acreditaci\u00f3n, verificaci\u00f3n de infraestructura, manejo de informaci\u00f3n p\u00fablica, apoyo a evaluadores, entrega de informaci\u00f3n para dict\u00e1menes, control de procesos y mantenimiento de calidad conforme a los indicadores del Sistema Nacional de Competencias.<\/p>\n","protected":false},"featured_media":1172,"comment_status":"open","ping_status":"closed","template":"","meta":{"_eb_attr":""},"product_cat":[21],"product_tag":[],"class_list":{"0":"post-932","1":"product","2":"type-product","3":"status-publish","4":"has-post-thumbnail","6":"product_cat-estandares-de-competencia","8":"first","9":"instock","10":"sale","11":"shipping-taxable","12":"purchasable","13":"product-type-simple"},"_links":{"self":[{"href":"https:\/\/ingenioeducativo.mx\/index.php\/wp-json\/wp\/v2\/product\/932"}],"collection":[{"href":"https:\/\/ingenioeducativo.mx\/index.php\/wp-json\/wp\/v2\/product"}],"about":[{"href":"https:\/\/ingenioeducativo.mx\/index.php\/wp-json\/wp\/v2\/types\/product"}],"replies":[{"embeddable":true,"href":"https:\/\/ingenioeducativo.mx\/index.php\/wp-json\/wp\/v2\/comments?post=932"}],"wp:featuredmedia":[{"embeddable":true,"href":"https:\/\/ingenioeducativo.mx\/index.php\/wp-json\/wp\/v2\/media\/1172"}],"wp:attachment":[{"href":"https:\/\/ingenioeducativo.mx\/index.php\/wp-json\/wp\/v2\/media?parent=932"}],"wp:term":[{"taxonomy":"product_cat","embeddable":true,"href":"https:\/\/ingenioeducativo.mx\/index.php\/wp-json\/wp\/v2\/product_cat?post=932"},{"taxonomy":"product_tag","embeddable":true,"href":"https:\/\/ingenioeducativo.mx\/index.php\/wp-json\/wp\/v2\/product_tag?post=932"}],"curies":[{"name":"wp","href":"https:\/\/api.w.org\/{rel}","templated":true}]}}