{"id":94,"date":"2021-07-18T08:40:27","date_gmt":"2021-07-18T08:40:27","guid":{"rendered":"https:\/\/demo.athemes.com\/botiga\/?post_type=product&#038;p=94"},"modified":"2024-09-11T21:29:20","modified_gmt":"2024-09-11T21:29:20","slug":"ultra-facial-moisturizing-cream-with-squalane-combination","status":"publish","type":"product","link":"https:\/\/ingenioeducativo.mx\/index.php\/product\/ultra-facial-moisturizing-cream-with-squalane-combination\/","title":{"rendered":"EC0839 Gesti\u00f3n de contribuciones fiscales de personas f\u00edsicas y morales"},"content":{"rendered":"<p>Este est\u00e1ndar de competencia sirve como base para la evaluaci\u00f3n y certificaci\u00f3n de las personas encargadas de generar informaci\u00f3n fiscal para individuos y entidades jur\u00eddicas; tambi\u00e9n permite al educando desarrollar habilidades para elaborar informaci\u00f3n fiscal tanto para personas f\u00edsicas como morales, y proponer soluciones a problemas utilizando m\u00e9todos establecidos. El est\u00e1ndar se fundamenta en principios de legalidad, competitividad, acceso equitativo, respeto, trabajo digno y responsabilidad social.<\/p>\n","protected":false},"excerpt":{"rendered":"<p>El est\u00e1ndar de competencia<strong> &#8220;EC0839&#8221;<\/strong> gu\u00eda la evaluaci\u00f3n y certificaci\u00f3n de quienes generan informaci\u00f3n fiscal para personas f\u00edsicas y morales. Permite desarrollar habilidades para producir esta informaci\u00f3n y resolver problemas utilizando m\u00e9todos establecidos.<\/p>\n","protected":false},"featured_media":1157,"comment_status":"open","ping_status":"closed","template":"","meta":{"_eb_attr":""},"product_cat":[21],"product_tag":[],"class_list":{"0":"post-94","1":"product","2":"type-product","3":"status-publish","4":"has-post-thumbnail","6":"product_cat-estandares-de-competencia","8":"first","9":"instock","10":"sale","11":"shipping-taxable","12":"purchasable","13":"product-type-simple"},"_links":{"self":[{"href":"https:\/\/ingenioeducativo.mx\/index.php\/wp-json\/wp\/v2\/product\/94"}],"collection":[{"href":"https:\/\/ingenioeducativo.mx\/index.php\/wp-json\/wp\/v2\/product"}],"about":[{"href":"https:\/\/ingenioeducativo.mx\/index.php\/wp-json\/wp\/v2\/types\/product"}],"replies":[{"embeddable":true,"href":"https:\/\/ingenioeducativo.mx\/index.php\/wp-json\/wp\/v2\/comments?post=94"}],"wp:featuredmedia":[{"embeddable":true,"href":"https:\/\/ingenioeducativo.mx\/index.php\/wp-json\/wp\/v2\/media\/1157"}],"wp:attachment":[{"href":"https:\/\/ingenioeducativo.mx\/index.php\/wp-json\/wp\/v2\/media?parent=94"}],"wp:term":[{"taxonomy":"product_cat","embeddable":true,"href":"https:\/\/ingenioeducativo.mx\/index.php\/wp-json\/wp\/v2\/product_cat?post=94"},{"taxonomy":"product_tag","embeddable":true,"href":"https:\/\/ingenioeducativo.mx\/index.php\/wp-json\/wp\/v2\/product_tag?post=94"}],"curies":[{"name":"wp","href":"https:\/\/api.w.org\/{rel}","templated":true}]}}