{"id":96,"date":"2021-07-18T08:40:56","date_gmt":"2021-07-18T08:40:56","guid":{"rendered":"https:\/\/demo.athemes.com\/botiga\/?post_type=product&#038;p=96"},"modified":"2024-09-11T21:28:41","modified_gmt":"2024-09-11T21:28:41","slug":"vinopure-pore-purifying-gel-cleanser-salicylic-acid-combination","status":"publish","type":"product","link":"https:\/\/ingenioeducativo.mx\/index.php\/product\/vinopure-pore-purifying-gel-cleanser-salicylic-acid-combination\/","title":{"rendered":"EC0744  Operaci\u00f3n de procesos contables dentro de un sistema electr\u00f3nico."},"content":{"rendered":"<p>El est\u00e1ndar de competencia <strong>&#8220;EC0744&#8221;<\/strong> sirve como referencia para la evaluaci\u00f3n y certificaci\u00f3n de personas encargadas del registro electr\u00f3nico de informaci\u00f3n contable, as\u00ed como de datos sobre recursos materiales y financieros. Este est\u00e1ndar permite al educando desarrollar habilidades para registrar contablemente informaci\u00f3n general y de recursos materiales de forma electr\u00f3nica, adem\u00e1s de fortalecer competencias gen\u00e9ricas. El est\u00e1ndar se basa en principios de legalidad, competitividad, acceso equitativo, respeto, trabajo digno y responsabilidad social.<\/p>\n<p>&nbsp;<\/p>\n","protected":false},"excerpt":{"rendered":"<p>El est\u00e1ndar de competencia <strong>&#8220;EC0744&#8221;<\/strong> se utiliza para evaluar y certificar a personas que registran informaci\u00f3n contable y sobre recursos materiales y financieros de manera electr\u00f3nica.<\/p>\n","protected":false},"featured_media":1153,"comment_status":"open","ping_status":"closed","template":"","meta":{"_eb_attr":""},"product_cat":[21],"product_tag":[],"class_list":{"0":"post-96","1":"product","2":"type-product","3":"status-publish","4":"has-post-thumbnail","6":"product_cat-estandares-de-competencia","8":"first","9":"instock","10":"sale","11":"shipping-taxable","12":"purchasable","13":"product-type-simple"},"_links":{"self":[{"href":"https:\/\/ingenioeducativo.mx\/index.php\/wp-json\/wp\/v2\/product\/96"}],"collection":[{"href":"https:\/\/ingenioeducativo.mx\/index.php\/wp-json\/wp\/v2\/product"}],"about":[{"href":"https:\/\/ingenioeducativo.mx\/index.php\/wp-json\/wp\/v2\/types\/product"}],"replies":[{"embeddable":true,"href":"https:\/\/ingenioeducativo.mx\/index.php\/wp-json\/wp\/v2\/comments?post=96"}],"wp:featuredmedia":[{"embeddable":true,"href":"https:\/\/ingenioeducativo.mx\/index.php\/wp-json\/wp\/v2\/media\/1153"}],"wp:attachment":[{"href":"https:\/\/ingenioeducativo.mx\/index.php\/wp-json\/wp\/v2\/media?parent=96"}],"wp:term":[{"taxonomy":"product_cat","embeddable":true,"href":"https:\/\/ingenioeducativo.mx\/index.php\/wp-json\/wp\/v2\/product_cat?post=96"},{"taxonomy":"product_tag","embeddable":true,"href":"https:\/\/ingenioeducativo.mx\/index.php\/wp-json\/wp\/v2\/product_tag?post=96"}],"curies":[{"name":"wp","href":"https:\/\/api.w.org\/{rel}","templated":true}]}}