{"id":97,"date":"2021-07-18T08:41:13","date_gmt":"2021-07-18T08:41:13","guid":{"rendered":"https:\/\/demo.athemes.com\/botiga\/?post_type=product&#038;p=97"},"modified":"2024-09-11T21:15:09","modified_gmt":"2024-09-11T21:15:09","slug":"eternal-sunset-collection-lip-and-cheek-set-with-jojoba-oil","status":"publish","type":"product","link":"https:\/\/ingenioeducativo.mx\/index.php\/product\/eternal-sunset-collection-lip-and-cheek-set-with-jojoba-oil\/","title":{"rendered":"EC0217.01 Impartici\u00f3n de cursos de formaci\u00f3n de capital humano de manera presencial grupal."},"content":{"rendered":"<p>El est\u00e1ndar de competencia<strong> &#8220;EC0217.01&#8221;<\/strong> abarca las funciones esenciales de preparar, conducir y evaluar cursos de capacitaci\u00f3n.<\/p>\n<ul>\n<li>Preparar la sesi\u00f3n implica planificarla y verificar la existencia y el funcionamiento de los recursos necesarios.<\/li>\n<li>Conducir la sesi\u00f3n abarca el encuadre, desarrollo y cierre, utilizando t\u00e9cnicas instruccionales y grupales que faciliten el aprendizaje.<\/li>\n<li>Evaluar el aprendizaje se realiza antes, durante y al final del curso, considerando la satisfacci\u00f3n de los participantes.<\/li>\n<\/ul>\n","protected":false},"excerpt":{"rendered":"<p>El est\u00e1ndar de competencia &#8220;<strong>EC02E17.01&#8243;<\/strong>\u00a0 abarca preparar, conducir y evaluar cursos de capacitaci\u00f3n.<\/p>\n","protected":false},"featured_media":1137,"comment_status":"open","ping_status":"closed","template":"","meta":{"_eb_attr":""},"product_cat":[21],"product_tag":[],"class_list":{"0":"post-97","1":"product","2":"type-product","3":"status-publish","4":"has-post-thumbnail","6":"product_cat-estandares-de-competencia","8":"first","9":"instock","10":"sale","11":"shipping-taxable","12":"purchasable","13":"product-type-simple"},"_links":{"self":[{"href":"https:\/\/ingenioeducativo.mx\/index.php\/wp-json\/wp\/v2\/product\/97"}],"collection":[{"href":"https:\/\/ingenioeducativo.mx\/index.php\/wp-json\/wp\/v2\/product"}],"about":[{"href":"https:\/\/ingenioeducativo.mx\/index.php\/wp-json\/wp\/v2\/types\/product"}],"replies":[{"embeddable":true,"href":"https:\/\/ingenioeducativo.mx\/index.php\/wp-json\/wp\/v2\/comments?post=97"}],"wp:featuredmedia":[{"embeddable":true,"href":"https:\/\/ingenioeducativo.mx\/index.php\/wp-json\/wp\/v2\/media\/1137"}],"wp:attachment":[{"href":"https:\/\/ingenioeducativo.mx\/index.php\/wp-json\/wp\/v2\/media?parent=97"}],"wp:term":[{"taxonomy":"product_cat","embeddable":true,"href":"https:\/\/ingenioeducativo.mx\/index.php\/wp-json\/wp\/v2\/product_cat?post=97"},{"taxonomy":"product_tag","embeddable":true,"href":"https:\/\/ingenioeducativo.mx\/index.php\/wp-json\/wp\/v2\/product_tag?post=97"}],"curies":[{"name":"wp","href":"https:\/\/api.w.org\/{rel}","templated":true}]}}